{"id":790,"date":"2025-03-18T14:50:48","date_gmt":"2025-03-18T13:50:48","guid":{"rendered":"https:\/\/akwg.rwth-aachen.de\/?page_id=790"},"modified":"2025-03-18T15:25:56","modified_gmt":"2025-03-18T14:25:56","slug":"oekologische-einbildungskraft-der-haushalt-der-natur-im-spiegel-von-literatur-kunst-und-wissensgeschichte","status":"publish","type":"page","link":"https:\/\/akwg.rwth-aachen.de\/?page_id=790","title":{"rendered":"\u00d6kologische Einbildungskraft. Der Haushalt der Natur im Spiegel von Literatur, Kunst und Wissensgeschichte"},"content":{"rendered":"\n<p class=\"has-ast-global-color-6-background-color has-background\"><strong>Fick, Monika \/ Torra-Mattenklott, Caroline (Hrsg.)<\/strong><\/p>\n\n\n\n<p class=\"has-ast-global-color-6-background-color has-background\"><strong>\u00d6kologische Einbildungskraft. Der Haushalt der Natur im Spiegel von Literatur, Kunst und Wissensgeschichte (Studien des AKWG, 23), Shaker, D\u00fcren 2023, ISBN 978-3-8440-8303-3<\/strong><\/p>\n\n\n\n<p class=\"has-ast-global-color-6-background-color has-background\">Die Herausbildung der \u00d6kologie als wissenschaftlicher Disziplin in der zweiten H\u00e4lfte des 19. Jahrhunderts setzte nicht nur eine naturgeschichtliche Empirie voraus, die es erm\u00f6glichte, Relationen zwischen Organismen und ihrer konkreten Umgebung zu beschreiben, sondern auch ein Repertoire an Metaphern und Modellen zur Interpretation dieser Relationen. Die Begriffs- und Imaginationsgeschichte von \u00f6kologischen Konzepten wie denen des Haushalts, des Kreislaufs, des Organismus oder des Milieus reicht zur\u00fcck in die Naturphilosophie des 17. bzw. 18. Jahrhunderts und ist eng verflochten mit religi\u00f6sen, gesellschaftstheoretischen und \u00e4sthetischen Diskursen. Privilegierte Medien \u00f6kologischer Imagination sind die Literatur und die bildenden K\u00fcnste.<\/p>\n\n\n\n<p class=\"has-ast-global-color-6-background-color has-background\">Ankn\u00fcpfend an aktuelle Diskussionen des Ecocriticism befasst sich der vorliegende Band mit historischen Konstellationen, in denen \u00d6kologie, Literatur und Kunst in fruchtbaren Austausch miteinander treten. Mit seinen genauen Analysen der Rolle von Sprache, Metaphorik und Imagination bei der Erkenntnis und Beschreibung \u00f6kologischer Relationen bietet er, chronologisch geordnet, unterschiedliche Einblicke in markante historische Konstellationen. Im Zentrum stehen dabei Imaginationen von Wasserwelten: als Beispiele und Modelle f\u00fcr \u00d6kosysteme, als Gegenstand technischer Beherrschung, als kulturhistorisch bedingte und politisch aufgeladene Sehnsuchtsbilder, als Dystopien der Umweltzerst\u00f6rung und als literarische Tropen f\u00fcr eine Aushandlung des Verh\u00e4ltnisses zwischen Mensch und Natur. Zur Diskussion steht dabei nicht zuletzt die Frage nach den M\u00f6glichkeiten einer Verbindung von \u00c4sthetik und Umweltethik.<\/p>\n","protected":false},"excerpt":{"rendered":"<p>Fick, Monika \/ Torra-Mattenklott, Caroline (Hrsg.) \u00d6kologische Einbildungskraft. Der Haushalt der Natur im Spiegel von Literatur, Kunst und Wissensgeschichte (Studien des AKWG, 23), Shaker, D\u00fcren 2023, ISBN 978-3-8440-8303-3 Die Herausbildung der \u00d6kologie als wissenschaftlicher Disziplin in der zweiten H\u00e4lfte des 19. Jahrhunderts setzte nicht nur eine naturgeschichtliche Empirie voraus, die es erm\u00f6glichte, Relationen zwischen Organismen &hellip;<\/p>\n<p class=\"read-more\"> <a class=\"\" href=\"https:\/\/akwg.rwth-aachen.de\/?page_id=790\"> <span class=\"screen-reader-text\">\u00d6kologische Einbildungskraft. Der Haushalt der Natur im Spiegel von Literatur, Kunst und Wissensgeschichte<\/span> Weiterlesen &raquo;<\/a><\/p>\n","protected":false},"author":1,"featured_media":0,"parent":0,"menu_order":0,"comment_status":"closed","ping_status":"closed","template":"","meta":{"site-sidebar-layout":"default","site-content-layout":"default","ast-main-header-display":"","ast-hfb-above-header-display":"","ast-hfb-below-header-display":"","ast-hfb-mobile-header-display":"","site-post-title":"","ast-breadcrumbs-content":"","ast-featured-img":"","footer-sml-layout":"","theme-transparent-header-meta":"","adv-header-id-meta":"","stick-header-meta":"","header-above-stick-meta":"","header-main-stick-meta":"","header-below-stick-meta":"","footnotes":""},"class_list":["post-790","page","type-page","status-publish","hentry"],"_links":{"self":[{"href":"https:\/\/akwg.rwth-aachen.de\/index.php?rest_route=\/wp\/v2\/pages\/790","targetHints":{"allow":["GET"]}}],"collection":[{"href":"https:\/\/akwg.rwth-aachen.de\/index.php?rest_route=\/wp\/v2\/pages"}],"about":[{"href":"https:\/\/akwg.rwth-aachen.de\/index.php?rest_route=\/wp\/v2\/types\/page"}],"author":[{"embeddable":true,"href":"https:\/\/akwg.rwth-aachen.de\/index.php?rest_route=\/wp\/v2\/users\/1"}],"replies":[{"embeddable":true,"href":"https:\/\/akwg.rwth-aachen.de\/index.php?rest_route=%2Fwp%2Fv2%2Fcomments&post=790"}],"version-history":[{"count":5,"href":"https:\/\/akwg.rwth-aachen.de\/index.php?rest_route=\/wp\/v2\/pages\/790\/revisions"}],"predecessor-version":[{"id":811,"href":"https:\/\/akwg.rwth-aachen.de\/index.php?rest_route=\/wp\/v2\/pages\/790\/revisions\/811"}],"wp:attachment":[{"href":"https:\/\/akwg.rwth-aachen.de\/index.php?rest_route=%2Fwp%2Fv2%2Fmedia&parent=790"}],"curies":[{"name":"wp","href":"https:\/\/api.w.org\/{rel}","templated":true}]}}