{"id":79,"date":"2021-12-22T12:03:08","date_gmt":"2021-12-22T11:03:08","guid":{"rendered":"http:\/\/test.akwg.rwth-aachen.de\/html\/?page_id=79"},"modified":"2025-11-04T13:22:19","modified_gmt":"2025-11-04T12:22:19","slug":"moderne-im-rheinland","status":"publish","type":"page","link":"https:\/\/akwg.rwth-aachen.de\/?page_id=79","title":{"rendered":"&#8222;Moderne im Rheinland&#8220;"},"content":{"rendered":"\n<p>\u00a0<strong><a href=\"https:\/\/www.philo.hhu.de\/forschung\/rheinlandforschung\">\u201eModerne im Rheinland\u201c \u2013 Zentrum f\u00fcr Rheinlandforschung<\/a><\/strong> &#8211; Institut zur interdisziplin\u00e4ren Erforschung der Kulturgeschichte der Region an der Heinrich-Heine-Universit\u00e4t D\u00fcsseldorf \/ Arbeitskreis zur Erforschung der Moderne im Rheinland e.V. &#8211; Frau Prof. Cepl-Kaufmann<\/p>\n","protected":false},"excerpt":{"rendered":"<p>\u00a0\u201eModerne im Rheinland\u201c \u2013 Zentrum f\u00fcr Rheinlandforschung &#8211; Institut zur interdisziplin\u00e4ren Erforschung der Kulturgeschichte der Region an der Heinrich-Heine-Universit\u00e4t D\u00fcsseldorf \/ Arbeitskreis zur Erforschung der Moderne im Rheinland e.V. &#8211; Frau Prof. Cepl-Kaufmann<\/p>\n","protected":false},"author":1,"featured_media":0,"parent":0,"menu_order":0,"comment_status":"closed","ping_status":"closed","template":"","meta":{"site-sidebar-layout":"default","site-content-layout":"default","ast-main-header-display":"","ast-hfb-above-header-display":"","ast-hfb-below-header-display":"","ast-hfb-mobile-header-display":"","site-post-title":"","ast-breadcrumbs-content":"","ast-featured-img":"","footer-sml-layout":"","theme-transparent-header-meta":"","adv-header-id-meta":"","stick-header-meta":"","header-above-stick-meta":"","header-main-stick-meta":"","header-below-stick-meta":"","footnotes":""},"class_list":["post-79","page","type-page","status-publish","hentry"],"_links":{"self":[{"href":"https:\/\/akwg.rwth-aachen.de\/index.php?rest_route=\/wp\/v2\/pages\/79","targetHints":{"allow":["GET"]}}],"collection":[{"href":"https:\/\/akwg.rwth-aachen.de\/index.php?rest_route=\/wp\/v2\/pages"}],"about":[{"href":"https:\/\/akwg.rwth-aachen.de\/index.php?rest_route=\/wp\/v2\/types\/page"}],"author":[{"embeddable":true,"href":"https:\/\/akwg.rwth-aachen.de\/index.php?rest_route=\/wp\/v2\/users\/1"}],"replies":[{"embeddable":true,"href":"https:\/\/akwg.rwth-aachen.de\/index.php?rest_route=%2Fwp%2Fv2%2Fcomments&post=79"}],"version-history":[{"count":3,"href":"https:\/\/akwg.rwth-aachen.de\/index.php?rest_route=\/wp\/v2\/pages\/79\/revisions"}],"predecessor-version":[{"id":855,"href":"https:\/\/akwg.rwth-aachen.de\/index.php?rest_route=\/wp\/v2\/pages\/79\/revisions\/855"}],"wp:attachment":[{"href":"https:\/\/akwg.rwth-aachen.de\/index.php?rest_route=%2Fwp%2Fv2%2Fmedia&parent=79"}],"curies":[{"name":"wp","href":"https:\/\/api.w.org\/{rel}","templated":true}]}}