{"id":755,"date":"2024-08-14T13:33:28","date_gmt":"2024-08-14T11:33:28","guid":{"rendered":"https:\/\/akwg.rwth-aachen.de\/?page_id=755"},"modified":"2024-08-14T13:33:28","modified_gmt":"2024-08-14T11:33:28","slug":"impressum-2","status":"publish","type":"page","link":"https:\/\/akwg.rwth-aachen.de\/?page_id=755","title":{"rendered":"Impressum"},"content":{"rendered":"\n<p><\/p>\n\n\n\n<p><strong>Aachener Kompetenzzentrum f\u00fcr Wissenschaftsgeschichte<\/strong><\/p>\n\n\n\n<p>c\/o Wendlingweg 2<\/p>\n\n\n\n<p>52074 Aachen<\/p>\n\n\n\n<p>Telefon: +49 80 88095<\/p>\n\n\n\n<p>Telefax*: +49 80 82466<\/p>\n\n\n\n<p>E-Mail: akwg@rwth-aachen.de<\/p>\n\n\n\n<p>Internet*: www.akwg.rwth-aachen.de<\/p>\n\n\n\n<p>Das Aachener Kompetenzzentrum f\u00fcr Wissenschaftsgeschichte ist eine Einrichtung der RWTH Aachen.<\/p>\n\n\n\n<p>Es wird durch den Sprecher Prof. Dr. Dr. Dr. Dominik Gro\u00df gesetzlich vertreten.<\/p>\n\n\n\n<p>Inhaltlich Verantwortlicher gem\u00e4\u00df \u00a7 10 Absatz 3 MDStV: Prof. Dr. Dr. Dr. Dominik Gro\u00df (Anschrift wie oben)<\/p>\n\n\n\n<p>Haftungshinweis: Trotz sorgf\u00e4ltiger inhaltlicher Kontrolle \u00fcbernehmen wir keine Haftung f\u00fcr die Inhalte externer Links. F\u00fcr den Inhalt der verlinkten Seiten sind ausschlie\u00dflich deren Betreiber verantwortlich.<\/p>\n","protected":false},"excerpt":{"rendered":"<p>Aachener Kompetenzzentrum f\u00fcr Wissenschaftsgeschichte c\/o Wendlingweg 2 52074 Aachen Telefon: +49 80 88095 Telefax*: +49 80 82466 E-Mail: akwg@rwth-aachen.de Internet*: www.akwg.rwth-aachen.de Das Aachener Kompetenzzentrum f\u00fcr Wissenschaftsgeschichte ist eine Einrichtung der RWTH Aachen. Es wird durch den Sprecher Prof. Dr. Dr. Dr. Dominik Gro\u00df gesetzlich vertreten. Inhaltlich Verantwortlicher gem\u00e4\u00df \u00a7 10 Absatz 3 MDStV: Prof. Dr. &hellip;<\/p>\n<p class=\"read-more\"> <a class=\"\" href=\"https:\/\/akwg.rwth-aachen.de\/?page_id=755\"> <span class=\"screen-reader-text\">Impressum<\/span> Weiterlesen &raquo;<\/a><\/p>\n","protected":false},"author":1,"featured_media":0,"parent":0,"menu_order":0,"comment_status":"closed","ping_status":"closed","template":"","meta":{"site-sidebar-layout":"default","site-content-layout":"default","ast-main-header-display":"","ast-hfb-above-header-display":"","ast-hfb-below-header-display":"","ast-hfb-mobile-header-display":"","site-post-title":"","ast-breadcrumbs-content":"","ast-featured-img":"","footer-sml-layout":"","theme-transparent-header-meta":"","adv-header-id-meta":"","stick-header-meta":"","header-above-stick-meta":"","header-main-stick-meta":"","header-below-stick-meta":"","footnotes":""},"class_list":["post-755","page","type-page","status-publish","hentry"],"_links":{"self":[{"href":"https:\/\/akwg.rwth-aachen.de\/index.php?rest_route=\/wp\/v2\/pages\/755","targetHints":{"allow":["GET"]}}],"collection":[{"href":"https:\/\/akwg.rwth-aachen.de\/index.php?rest_route=\/wp\/v2\/pages"}],"about":[{"href":"https:\/\/akwg.rwth-aachen.de\/index.php?rest_route=\/wp\/v2\/types\/page"}],"author":[{"embeddable":true,"href":"https:\/\/akwg.rwth-aachen.de\/index.php?rest_route=\/wp\/v2\/users\/1"}],"replies":[{"embeddable":true,"href":"https:\/\/akwg.rwth-aachen.de\/index.php?rest_route=%2Fwp%2Fv2%2Fcomments&post=755"}],"version-history":[{"count":2,"href":"https:\/\/akwg.rwth-aachen.de\/index.php?rest_route=\/wp\/v2\/pages\/755\/revisions"}],"predecessor-version":[{"id":757,"href":"https:\/\/akwg.rwth-aachen.de\/index.php?rest_route=\/wp\/v2\/pages\/755\/revisions\/757"}],"wp:attachment":[{"href":"https:\/\/akwg.rwth-aachen.de\/index.php?rest_route=%2Fwp%2Fv2%2Fmedia&parent=755"}],"curies":[{"name":"wp","href":"https:\/\/api.w.org\/{rel}","templated":true}]}}