{"id":69,"date":"2021-12-22T11:57:42","date_gmt":"2021-12-22T10:57:42","guid":{"rendered":"http:\/\/test.akwg.rwth-aachen.de\/html\/?page_id=69"},"modified":"2025-03-11T17:14:09","modified_gmt":"2025-03-11T16:14:09","slug":"direktorium","status":"publish","type":"page","link":"https:\/\/akwg.rwth-aachen.de\/?page_id=69","title":{"rendered":"Direktorium"},"content":{"rendered":"\n<p class=\"has-background\" style=\"background-color:#c7ddf2\"><strong><a href=\"http:\/\/www.ukaachen.de\/go\/show?ID=1172911&amp;DV=0&amp;COMP=page&amp;ALTNAVID=4029201&amp;ALTNAVDV=0\" target=\"_blank\" rel=\"noreferrer noopener\">Univ.-Prof. Dr. Dr. Dr. Dominik Gro\u00df<\/a><br><\/strong>Institut f\u00fcr Geschichte, Theorie und Ethik der Medizin<\/p>\n\n\n\n<p><\/p>\n\n\n\n<p class=\"has-ast-global-color-1-color has-text-color has-background\" style=\"background-color:#c7ddf2\"><strong><a rel=\"noreferrer noopener\" href=\"http:\/\/www.histinst.rwth-aachen.de\/aw\/cms\/HISTINST\/Zielgruppen\/antike\/personen\/mitarbeiter\/~vjr\/mitarbeiter_3\/?lang=de\" target=\"_blank\">Univ.-Prof. Dr. phil. Klaus Freitag<\/a><\/strong><br>Historisches Institut, Lehrstuhl f\u00fcr Alte Geschichte mit dem Schwerpunkt Geschichte als Wissenskultur<\/p>\n\n\n\n<p class=\"has-background\" style=\"background-color:#c7ddf2\"><a href=\"https:\/\/www.ma.histinst.rwth-aachen.de\/cms\/HISTINST-MA\/Die-Organisationseinheit\/Team-des-Lehrstuhls\/~nnhx\/Prof-Dr-Florian-Hartmann\/\" data-type=\"link\" data-id=\"https:\/\/www.ma.histinst.rwth-aachen.de\/cms\/HISTINST-MA\/Die-Organisationseinheit\/Team-des-Lehrstuhls\/~nnhx\/Prof-Dr-Florian-Hartmann\/\"><strong>Univ.-Prof. Dr. Florian Hartmann<\/strong><\/a><br>Historisches Institut, Heisenberg-Professur Wissensdiskurse des Mittelalters<\/p>\n\n\n\n<p class=\"has-background\" style=\"background-color:#c7ddf2\"><strong><a rel=\"noreferrer noopener\" href=\"http:\/\/www.histinst.rwth-aachen.de\/aw\/cms\/HISTINST\/Zielgruppen\/mittelalter\/personen\/mitarbeiter\/~vre\/copy_of_prof_dr_harald_mueller\/?lang=de\" target=\"_blank\">Uni.-Prof. Dr. phil. Harald M\u00fcller<\/a><\/strong><br>Historisches Institut, Lehrstuhl f\u00fcr Mittlere Geschichte<\/p>\n\n\n\n<p class=\"has-background\" style=\"background-color:#c7ddf2\"><strong><a href=\"https:\/\/www.rwth-aachen.de\/go\/id\/bdfr\/gguid\/0x8D45C8C10685D51196700000F4B4937D\">Univ.-Prof. Alexander Markschies<\/a><\/strong><br>Lehrstuhl und Institut f\u00fcr Kunstgeschichte<\/p>\n\n\n\n<p class=\"has-background\" style=\"background-color:#c7ddf2\"><strong><a href=\"http:\/\/www.histinst.rwth-aachen.de\/aw\/cms\/HISTINST\/Zielgruppen\/fruehe_neuzeit\/personen\/mitarbeiter\/~vjq\/mitarbeiter_2\/?lang=de\" target=\"_blank\" rel=\"noreferrer noopener\">Univ.-Prof. Dr. phil. Christine Roll<\/a><br><\/strong>Historisches Institut Lehr- und Forschungsgebiet Geschichte der Fr\u00fchen Neuzeit<\/p>\n\n\n\n<p class=\"has-background\" style=\"background-color:#c7ddf2;font-size:15px\"><a href=\"https:\/\/rwthcontacts.rwth-aachen.de\/person\/PER-Z2T9U7Q\"><strong>Univ.-Prof. Dr. phil. Elke Seefried<\/strong><\/a><strong><br><\/strong>Historisches Institut<\/p>\n","protected":false},"excerpt":{"rendered":"<p>Univ.-Prof. Dr. Dr. Dr. Dominik Gro\u00dfInstitut f\u00fcr Geschichte, Theorie und Ethik der Medizin Univ.-Prof. Dr. phil. Klaus FreitagHistorisches Institut, Lehrstuhl f\u00fcr Alte Geschichte mit dem Schwerpunkt Geschichte als Wissenskultur Univ.-Prof. Dr. Florian HartmannHistorisches Institut, Heisenberg-Professur Wissensdiskurse des Mittelalters Uni.-Prof. Dr. phil. Harald M\u00fcllerHistorisches Institut, Lehrstuhl f\u00fcr Mittlere Geschichte Univ.-Prof. Alexander MarkschiesLehrstuhl und Institut f\u00fcr Kunstgeschichte &hellip;<\/p>\n<p class=\"read-more\"> <a class=\"\" href=\"https:\/\/akwg.rwth-aachen.de\/?page_id=69\"> <span class=\"screen-reader-text\">Direktorium<\/span> Weiterlesen &raquo;<\/a><\/p>\n","protected":false},"author":1,"featured_media":0,"parent":0,"menu_order":0,"comment_status":"closed","ping_status":"closed","template":"","meta":{"site-sidebar-layout":"default","site-content-layout":"default","ast-main-header-display":"","ast-hfb-above-header-display":"","ast-hfb-below-header-display":"","ast-hfb-mobile-header-display":"","site-post-title":"","ast-breadcrumbs-content":"","ast-featured-img":"","footer-sml-layout":"","theme-transparent-header-meta":"","adv-header-id-meta":"","stick-header-meta":"","header-above-stick-meta":"","header-main-stick-meta":"","header-below-stick-meta":"","footnotes":""},"class_list":["post-69","page","type-page","status-publish","hentry"],"_links":{"self":[{"href":"https:\/\/akwg.rwth-aachen.de\/index.php?rest_route=\/wp\/v2\/pages\/69","targetHints":{"allow":["GET"]}}],"collection":[{"href":"https:\/\/akwg.rwth-aachen.de\/index.php?rest_route=\/wp\/v2\/pages"}],"about":[{"href":"https:\/\/akwg.rwth-aachen.de\/index.php?rest_route=\/wp\/v2\/types\/page"}],"author":[{"embeddable":true,"href":"https:\/\/akwg.rwth-aachen.de\/index.php?rest_route=\/wp\/v2\/users\/1"}],"replies":[{"embeddable":true,"href":"https:\/\/akwg.rwth-aachen.de\/index.php?rest_route=%2Fwp%2Fv2%2Fcomments&post=69"}],"version-history":[{"count":15,"href":"https:\/\/akwg.rwth-aachen.de\/index.php?rest_route=\/wp\/v2\/pages\/69\/revisions"}],"predecessor-version":[{"id":783,"href":"https:\/\/akwg.rwth-aachen.de\/index.php?rest_route=\/wp\/v2\/pages\/69\/revisions\/783"}],"wp:attachment":[{"href":"https:\/\/akwg.rwth-aachen.de\/index.php?rest_route=%2Fwp%2Fv2%2Fmedia&parent=69"}],"curies":[{"name":"wp","href":"https:\/\/api.w.org\/{rel}","templated":true}]}}