{"id":65,"date":"2021-12-22T11:56:46","date_gmt":"2021-12-22T10:56:46","guid":{"rendered":"http:\/\/test.akwg.rwth-aachen.de\/html\/?page_id=65"},"modified":"2021-12-22T12:15:28","modified_gmt":"2021-12-22T11:15:28","slug":"selbstverstaendnis-2","status":"publish","type":"page","link":"https:\/\/akwg.rwth-aachen.de\/?page_id=65","title":{"rendered":"Selbstverst\u00e4ndnis"},"content":{"rendered":"\n<p><strong>Das Selbstverst\u00e4ndnis des <\/strong><strong>Aachener Kompetenzzentrums f\u00fcr Wissenschaftsgeschichte (AKWG)<\/strong><\/p>\n\n\n\n<p>Grunds\u00e4tzlich gibt es zwei Definitionen von Wissenschaftsgeschichte:<\/p>\n\n\n\n<p>&#8211;&nbsp;In einem engeren Verst\u00e4ndnis als <em>Science<\/em> wird darunter die Geschichte der Na\u00adturwissenschaft, der Technik und der Medizin begriffen, von Disziplinen, die sich mit der nicht-geistigen \u201eObjektwelt\u201c auseinandersetzen.<br><br>&#8211;&nbsp;In einem weiteren Sinne wird Wissenschaftsgeschichte verstanden als die Ge\u00adschichte der spezifischen Art und Weise der \u00fcberpr\u00fcfbaren Auseinander\u00adsetzung mit der Welt, unter Einschluss des Menschen als geistiges Wesen. In dieser Konzeption ist der Mensch selbst Gegenstand wissenschaftlicher Re\u00adflexion. Das Besondere an den Geistes- und Sozialwissenschaften ist die Selbstreflexivit\u00e4t von Wissen, denn die Ergebnisse der Wissenschaft ver\u00e4n\u00addern die Welt des Menschen. Diese zweite Definition favorisieren wir \u2013 als spezifischen Beitrag Aachens zur aktuellen wissenschaftsgeschichtlichen Dis\u00adkussion.<\/p>\n\n\n\n<p>Die Geschichte der Wissenschaft beginnt als Geschichte der Geisteswissenschaft (Philosophie, Mathematik, Geographie). Moderne Naturwissenschaften dagegen, mit Ausnahme der Astronomie, bilden sich erst mit der Renaissance und der wissen\u00adschaftlichen Revolution des 17. Jahrhunderts heraus. Eine breitere Definition der Wissenschaftsgeschichte, wie oben bef\u00fcrwortet, kann daher als Legitimation auf den Ursprung verweisen. Der Anspruch auf die Einheit der Wissenschaften soll demnach das Kennzeichen des Aachener Kompetenzzentrums Wissenschaftsgeschichte sein.<\/p>\n\n\n\n<p>Moderne Gesellschaften begreifen sich selbst als Wissensgesellschaften, und zwar nicht nur im Sinne einer blo\u00dfen Vermehrung des Wissens, sondern im Sinne eines wissenschaftlich fundierten Zugangs zu Wissen. Wissenschaft sichert die Verl\u00e4ss\u00adlichkeit von Wissen und ist die nicht hintergehbare Basis f\u00fcr gesellschaftliche Innova\u00adtion.<\/p>\n\n\n\n<p>Wissenschaftsgeschichte thematisiert die Herausbildung spezifischer Wissenskultu\u00adren, die a) die Moderne in besonderer Weise pr\u00e4gen und b) nach gesellschaftlichen und institutionellen Kontexten variieren. Was wir deshalb bewusst nicht anstreben, ist eine Wissenschaftsgeschichte als isolierte Geschichte wissenschaftlicher Erfindun\u00adgen oder eine Disziplingeschichte im engeren Sinne. Uns geht es um die Wechsel\u00adwirkungen von Wissenschaft, Kultur, Gesellschaft und Politik, konkret:<\/p>\n\n\n\n<p>&#8211;&nbsp;um die Kl\u00e4rung sozialer und kultureller Bedingungen f\u00fcr die Entstehung von Wis\u00adsenschaft,<\/p>\n\n\n\n<p>&#8211;&nbsp;um Wissenschaft als soziale Organisation,<\/p>\n\n\n\n<p>&#8211;&nbsp;um gesellschaftliche Zuschreibungen der Leistungen von Wissenschaft f\u00fcr die Gesellschaft (Erwartungen an Wissenschaft und Vertrauen auf Wissenschaft),<\/p>\n\n\n\n<p>&#8211;&nbsp;um die Aneignungen der von den Wissenschaften bereitgestellten Denkfiguren und Artefakte in Wirtschaft, Gesellschaft und Politik.<\/p>\n\n\n\n<p>Im Sinne einer notwendigen Beschr\u00e4nkung des Erkl\u00e4rungsanspruchs und zugleich einer sch\u00e4rferen Konturierung der Leistungsf\u00e4higkeit von Wissenschaft bedarf es einer Selbstreflexion auf Genese und Reichweite wissenschaftlicher Aussagen. Die\u00adses leistet das AKWG, indem es kulturelle, soziale, wirtschaftliche und politische Kontexte von Wissenschaft in die Diskussion einbringt, den Ort der Wissenschaft in der jeweiligen Gesellschaft beschreibt und Wissenschaft als produktive Auseinander\u00adsetzung mit der Umwelt erfahrbar macht.<\/p>\n\n\n\n<p>Zur Bedeutung interdisziplin\u00e4rer Zusammenarbeit:<\/p>\n\n\n\n<p>In den letzten Jahren sind die F\u00e4chergrenzen, die sich \u00fcber einen langen Zeitraum herausgebildet haben, weggefallen; fruchtbare Fragestellungen werden interdiszipli\u00adn\u00e4r angegangen. Das AKWG mit seinem ganzheitlichen Anspruch reagiert darauf: Die \u00dcberschreitung der F\u00e4chergrenzen erfordert neue Formen der Zusammenarbeit. In diesem Sinne f\u00fchrt das AKWG Forschungskompetenzen zur Etablierung von For\u00adschergruppen und Graduiertenkollegs zusammen \u2013 organisatorisch und in Drittmit\u00adtelantr\u00e4gen, es ber\u00e4t bei der Entwicklung von Einzelantr\u00e4gen (Stipendien, Graduier\u00adtenf\u00f6rderung) und es versteht sich als Vermittler von Forschungskompetenz an die \u00d6ffentlichkeit.<\/p>\n","protected":false},"excerpt":{"rendered":"<p>Das Selbstverst\u00e4ndnis des Aachener Kompetenzzentrums f\u00fcr Wissenschaftsgeschichte (AKWG) Grunds\u00e4tzlich gibt es zwei Definitionen von Wissenschaftsgeschichte: &#8211;&nbsp;In einem engeren Verst\u00e4ndnis als Science wird darunter die Geschichte der Na\u00adturwissenschaft, der Technik und der Medizin begriffen, von Disziplinen, die sich mit der nicht-geistigen \u201eObjektwelt\u201c auseinandersetzen. &#8211;&nbsp;In einem weiteren Sinne wird Wissenschaftsgeschichte verstanden als die Ge\u00adschichte der spezifischen Art &hellip;<\/p>\n<p class=\"read-more\"> <a class=\"\" href=\"https:\/\/akwg.rwth-aachen.de\/?page_id=65\"> <span class=\"screen-reader-text\">Selbstverst\u00e4ndnis<\/span> Weiterlesen &raquo;<\/a><\/p>\n","protected":false},"author":1,"featured_media":0,"parent":0,"menu_order":0,"comment_status":"closed","ping_status":"closed","template":"","meta":{"site-sidebar-layout":"default","site-content-layout":"default","ast-main-header-display":"","ast-hfb-above-header-display":"","ast-hfb-below-header-display":"","ast-hfb-mobile-header-display":"","site-post-title":"","ast-breadcrumbs-content":"","ast-featured-img":"","footer-sml-layout":"","theme-transparent-header-meta":"","adv-header-id-meta":"","stick-header-meta":"","header-above-stick-meta":"","header-main-stick-meta":"","header-below-stick-meta":"","footnotes":""},"class_list":["post-65","page","type-page","status-publish","hentry"],"_links":{"self":[{"href":"https:\/\/akwg.rwth-aachen.de\/index.php?rest_route=\/wp\/v2\/pages\/65","targetHints":{"allow":["GET"]}}],"collection":[{"href":"https:\/\/akwg.rwth-aachen.de\/index.php?rest_route=\/wp\/v2\/pages"}],"about":[{"href":"https:\/\/akwg.rwth-aachen.de\/index.php?rest_route=\/wp\/v2\/types\/page"}],"author":[{"embeddable":true,"href":"https:\/\/akwg.rwth-aachen.de\/index.php?rest_route=\/wp\/v2\/users\/1"}],"replies":[{"embeddable":true,"href":"https:\/\/akwg.rwth-aachen.de\/index.php?rest_route=%2Fwp%2Fv2%2Fcomments&post=65"}],"version-history":[{"count":2,"href":"https:\/\/akwg.rwth-aachen.de\/index.php?rest_route=\/wp\/v2\/pages\/65\/revisions"}],"predecessor-version":[{"id":117,"href":"https:\/\/akwg.rwth-aachen.de\/index.php?rest_route=\/wp\/v2\/pages\/65\/revisions\/117"}],"wp:attachment":[{"href":"https:\/\/akwg.rwth-aachen.de\/index.php?rest_route=%2Fwp%2Fv2%2Fmedia&parent=65"}],"curies":[{"name":"wp","href":"https:\/\/api.w.org\/{rel}","templated":true}]}}