{"id":625,"date":"2022-03-19T18:58:46","date_gmt":"2022-03-19T17:58:46","guid":{"rendered":"https:\/\/test.akwg.rwth-aachen.de\/?page_id=625"},"modified":"2025-11-04T13:20:06","modified_gmt":"2025-11-04T12:20:06","slug":"aktuelles-2","status":"publish","type":"page","link":"https:\/\/akwg.rwth-aachen.de\/?page_id=625","title":{"rendered":"Aktuelles"},"content":{"rendered":"\n<p><strong>15. AKWG-Tag der Wissenschaftsgeschichte \u201eIllustratives Denken\u201c (10. \u2013 11. Juli 2025)<\/strong><\/p>\n\n\n\n<p>F\u00fcr illustratives Denken, das anhand von Zeichnungen, Scribbles und Visualisierungen den wissenschaftlichen Entdeckungsprozess voranbringt, lassen sich zahlreiche Beispiele in der Wissenschaftsgeschichte finden. Ein Paradebeispiel und zugleich Inspiration f\u00fcr das Tagungsthema bildete Gottfried Wilhelm Leibniz\u2018 (1646\u20131716) \u201eKalk\u00fcl der Lage\u201c (De analysi situs, 1693), der im Kontext der Geometrie und Topologie diskutiert wird.<\/p>\n\n\n\n<p>In Ankn\u00fcpfung an die erste AKWG-Tagung mit dem Thema&nbsp;<strong>\u201e<\/strong><strong>Vom Bild zur Erkenntnis? Visualisierungskonzepte in den Wissenschaften\u201c&nbsp;<\/strong>wurde im Rahmen der zweit\u00e4gigen Veranstaltung nochmals nach der epistemischen Rolle des illustrativen Denkens gefragt. In historischer und interdisziplin\u00e4rer Perspektive wurde das Thema auf vielf\u00e4ltige Weise von Vertretern unterschiedlicher Lehrst\u00fchle und Fachgebiete im In- und Ausland beleuchtet. Nach einleitenden Worten von Gabriele Gramelsberger und Dominik Gro\u00df (RWTH\/RWTH UKA Aachen) pr\u00e4sentierten neben den lokalen Vertretern Alexander Markschies, Caroline Torra-Mattenklott (RWTH Aachen) und Lukas Frank (RWTH UKA Aachen) auch Hans-J\u00f6rg Rheinberger (MPI-WG Berlin), Peter Bexte (KHM K\u00f6ln-Berlin) und Sybille Kr\u00e4mer (FU Berlin). Als G\u00e4ste aus dem Ausland zugegen waren Cristina Spinei (UAIC Ia\u015fi), Marius Fischer (Wien) und Hannes Rickli (ZHdK Z\u00fcrich). Die vertretenen Disziplinen reichten von der Wissenschaftsgeschichte \u00fcber die Germanistik, Kunstgeschichte, \u00c4sthetik und Philosophie bis hin zur Fotografie und Kunst- und Designtheorie. Diese bunte Mischung erm\u00f6glichte eine Auseinandersetzung mit der Thematik aus v\u00f6llig unterschiedlichen Blickwinkeln, einige anregende Diskussionen und die ein oder andere v\u00f6llig neue Einsicht.<\/p>\n\n\n\n<p>Tagungsleitung und Gastgeber: Gabriele Gramelsberger (Beteiligung von Dominik Gro\u00df und Lukas Frank als AKWG-Sprechern und institutionellen Partnern)<\/p>\n\n\n\n<p>Nachfolgende Publikation: in Vorbereitung<\/p>\n\n\n\n<p><\/p>\n\n\n\n<p><\/p>\n\n\n\n<p><\/p>\n\n\n\n<p><\/p>\n","protected":false},"excerpt":{"rendered":"<p>15. AKWG-Tag der Wissenschaftsgeschichte \u201eIllustratives Denken\u201c (10. \u2013 11. Juli 2025) F\u00fcr illustratives Denken, das anhand von Zeichnungen, Scribbles und Visualisierungen den wissenschaftlichen Entdeckungsprozess voranbringt, lassen sich zahlreiche Beispiele in der Wissenschaftsgeschichte finden. Ein Paradebeispiel und zugleich Inspiration f\u00fcr das Tagungsthema bildete Gottfried Wilhelm Leibniz\u2018 (1646\u20131716) \u201eKalk\u00fcl der Lage\u201c (De analysi situs, 1693), der im &hellip;<\/p>\n<p class=\"read-more\"> <a class=\"\" href=\"https:\/\/akwg.rwth-aachen.de\/?page_id=625\"> <span class=\"screen-reader-text\">Aktuelles<\/span> Weiterlesen &raquo;<\/a><\/p>\n","protected":false},"author":1,"featured_media":0,"parent":0,"menu_order":0,"comment_status":"closed","ping_status":"closed","template":"","meta":{"site-sidebar-layout":"default","site-content-layout":"default","ast-main-header-display":"","ast-hfb-above-header-display":"","ast-hfb-below-header-display":"","ast-hfb-mobile-header-display":"","site-post-title":"","ast-breadcrumbs-content":"","ast-featured-img":"","footer-sml-layout":"","theme-transparent-header-meta":"","adv-header-id-meta":"","stick-header-meta":"","header-above-stick-meta":"","header-main-stick-meta":"","header-below-stick-meta":"","footnotes":""},"class_list":["post-625","page","type-page","status-publish","hentry"],"_links":{"self":[{"href":"https:\/\/akwg.rwth-aachen.de\/index.php?rest_route=\/wp\/v2\/pages\/625","targetHints":{"allow":["GET"]}}],"collection":[{"href":"https:\/\/akwg.rwth-aachen.de\/index.php?rest_route=\/wp\/v2\/pages"}],"about":[{"href":"https:\/\/akwg.rwth-aachen.de\/index.php?rest_route=\/wp\/v2\/types\/page"}],"author":[{"embeddable":true,"href":"https:\/\/akwg.rwth-aachen.de\/index.php?rest_route=\/wp\/v2\/users\/1"}],"replies":[{"embeddable":true,"href":"https:\/\/akwg.rwth-aachen.de\/index.php?rest_route=%2Fwp%2Fv2%2Fcomments&post=625"}],"version-history":[{"count":5,"href":"https:\/\/akwg.rwth-aachen.de\/index.php?rest_route=\/wp\/v2\/pages\/625\/revisions"}],"predecessor-version":[{"id":854,"href":"https:\/\/akwg.rwth-aachen.de\/index.php?rest_route=\/wp\/v2\/pages\/625\/revisions\/854"}],"wp:attachment":[{"href":"https:\/\/akwg.rwth-aachen.de\/index.php?rest_route=%2Fwp%2Fv2%2Fmedia&parent=625"}],"curies":[{"name":"wp","href":"https:\/\/api.w.org\/{rel}","templated":true}]}}