{"id":568,"date":"2022-03-19T18:15:24","date_gmt":"2022-03-19T17:15:24","guid":{"rendered":"https:\/\/test.akwg.rwth-aachen.de\/?page_id=568"},"modified":"2022-03-19T18:42:04","modified_gmt":"2022-03-19T17:42:04","slug":"7-akwg-tag-der-wissenschaftsgeschichte-2013","status":"publish","type":"page","link":"https:\/\/akwg.rwth-aachen.de\/?page_id=568","title":{"rendered":"7. AKWG-Tag der Wissenschaftsgeschichte [2013]"},"content":{"rendered":"\n<div class=\"wp-block-columns is-layout-flex wp-container-core-columns-is-layout-9d6595d7 wp-block-columns-is-layout-flex\">\n<div class=\"wp-block-column is-layout-flow wp-block-column-is-layout-flow\">\n<p class=\"has-ast-global-color-6-background-color has-background\">Am 15.11.2013 findet der 7. Aachener Tag der Wissenschaftsgeschichte zum Thema <em>\u00dcberwindung der K\u00f6rperlichkeit. Historische Perspektiven auf den k\u00fcnstlichen K\u00f6rper<\/em> statt.<br><br>Programmheft <a href=\"http:\/\/www.akwg.rwth-aachen.de\/fileadmin\/user_upload\/JPGs\/Programmheft_webseite.pdf\"><strong>hier<\/strong><\/a> herunterladen.<\/p>\n<\/div>\n\n\n\n<div class=\"wp-block-column is-layout-flow wp-block-column-is-layout-flow\">\n<figure class=\"wp-block-image size-full\"><img loading=\"lazy\" decoding=\"async\" width=\"398\" height=\"563\" src=\"https:\/\/test.akwg.rwth-aachen.de\/wp-content\/uploads\/2022\/03\/Bild2.jpg\" alt=\"\" class=\"wp-image-613\" srcset=\"https:\/\/akwg.rwth-aachen.de\/wp-content\/uploads\/2022\/03\/Bild2.jpg 398w, https:\/\/akwg.rwth-aachen.de\/wp-content\/uploads\/2022\/03\/Bild2-212x300.jpg 212w\" sizes=\"auto, (max-width: 398px) 100vw, 398px\" \/><\/figure>\n<\/div>\n<\/div>\n\n\n\n<p><\/p>\n","protected":false},"excerpt":{"rendered":"<p>Am 15.11.2013 findet der 7. Aachener Tag der Wissenschaftsgeschichte zum Thema \u00dcberwindung der K\u00f6rperlichkeit. Historische Perspektiven auf den k\u00fcnstlichen K\u00f6rper statt. Programmheft hier herunterladen.<\/p>\n","protected":false},"author":1,"featured_media":0,"parent":0,"menu_order":0,"comment_status":"closed","ping_status":"closed","template":"","meta":{"site-sidebar-layout":"default","site-content-layout":"default","ast-main-header-display":"","ast-hfb-above-header-display":"","ast-hfb-below-header-display":"","ast-hfb-mobile-header-display":"","site-post-title":"","ast-breadcrumbs-content":"","ast-featured-img":"","footer-sml-layout":"","theme-transparent-header-meta":"","adv-header-id-meta":"","stick-header-meta":"","header-above-stick-meta":"","header-main-stick-meta":"","header-below-stick-meta":"","footnotes":""},"class_list":["post-568","page","type-page","status-publish","hentry"],"_links":{"self":[{"href":"https:\/\/akwg.rwth-aachen.de\/index.php?rest_route=\/wp\/v2\/pages\/568","targetHints":{"allow":["GET"]}}],"collection":[{"href":"https:\/\/akwg.rwth-aachen.de\/index.php?rest_route=\/wp\/v2\/pages"}],"about":[{"href":"https:\/\/akwg.rwth-aachen.de\/index.php?rest_route=\/wp\/v2\/types\/page"}],"author":[{"embeddable":true,"href":"https:\/\/akwg.rwth-aachen.de\/index.php?rest_route=\/wp\/v2\/users\/1"}],"replies":[{"embeddable":true,"href":"https:\/\/akwg.rwth-aachen.de\/index.php?rest_route=%2Fwp%2Fv2%2Fcomments&post=568"}],"version-history":[{"count":3,"href":"https:\/\/akwg.rwth-aachen.de\/index.php?rest_route=\/wp\/v2\/pages\/568\/revisions"}],"predecessor-version":[{"id":614,"href":"https:\/\/akwg.rwth-aachen.de\/index.php?rest_route=\/wp\/v2\/pages\/568\/revisions\/614"}],"wp:attachment":[{"href":"https:\/\/akwg.rwth-aachen.de\/index.php?rest_route=%2Fwp%2Fv2%2Fmedia&parent=568"}],"curies":[{"name":"wp","href":"https:\/\/api.w.org\/{rel}","templated":true}]}}