{"id":448,"date":"2022-03-17T16:23:19","date_gmt":"2022-03-17T15:23:19","guid":{"rendered":"http:\/\/test.akwg.rwth-aachen.de\/?page_id=448"},"modified":"2025-03-18T15:29:13","modified_gmt":"2025-03-18T14:29:13","slug":"das-studium-der-geschichte-vorlesungsgeschichte-und-autobiographische-erzaehlungen","status":"publish","type":"page","link":"https:\/\/akwg.rwth-aachen.de\/?page_id=448","title":{"rendered":"Das Studium der Geschichte. Vorlesungsgeschichte und autobiographische Erz\u00e4hlungen"},"content":{"rendered":"\n<div class=\"wp-block-columns is-layout-flex wp-container-core-columns-is-layout-9d6595d7 wp-block-columns-is-layout-flex\">\n<div class=\"wp-block-column is-layout-flow wp-block-column-is-layout-flow\">\n<p class=\"has-ast-global-color-6-background-color has-background\"><strong>Soldwisch, Ines \/ Heinen, Armin (Hrsg.),<\/strong><br><br><strong>Das Studium der Geschichte. Vorlesungsgeschichte und autobiographische Erz\u00e4hlungen 1945-2017 (Studien des AKWG, 22), Kassel University Press, Kassel 2019, ISBN (978-3-7376-0732-2)<\/strong><br><br>Was kann das Studium der Geschichtswissenschaft f\u00fcr die Gesellschaft und f\u00fcr die Lernenden leisten? Wie hat sich die universit\u00e4re Lehre im Laufe der Zeit nach 1945 gewandelt? Eine \u201eEvaluation\u201c des Geschichtsstudiums in der Bundesrepublik und die Bewertung der Leistung dieses Studiums f\u00fcr Ausbildung und Forschung erfordern einen spezifisch geschichtswissenschaftlichen Zugang, so die Ausgangsthese der beiden Herausgeber!<br><br>Der vorliegende Band n\u00e4hert sich dem Fragenkomplex mit Hilfe zweier spezifischer Zug\u00e4nge: Im ersten Teil blicken arrivierte Historikerinnen und Historiker der RWTH Aachen auf die Geschichte der Vorlesung und diskutieren Chancen und Probleme dieser \u201ebesonderen\u201c geschichtswissenschaftlichen Lehrmethode. Im zweiten Teil berichten Aachener Historikerinnen und Historiker \u00fcber ihre eigenen Studienerfahrungen von den 1950er Jahren bis heute \u2013 und damit \u00fcber den Wandel des Geschichtsstudiums im Zeitverlauf.<\/p>\n<\/div>\n<\/div>\n","protected":false},"excerpt":{"rendered":"<p>Soldwisch, Ines \/ Heinen, Armin (Hrsg.), Das Studium der Geschichte. Vorlesungsgeschichte und autobiographische Erz\u00e4hlungen 1945-2017 (Studien des AKWG, 22), Kassel University Press, Kassel 2019, ISBN (978-3-7376-0732-2) Was kann das Studium der Geschichtswissenschaft f\u00fcr die Gesellschaft und f\u00fcr die Lernenden leisten? Wie hat sich die universit\u00e4re Lehre im Laufe der Zeit nach 1945 gewandelt? Eine \u201eEvaluation\u201c &hellip;<\/p>\n<p class=\"read-more\"> <a class=\"\" href=\"https:\/\/akwg.rwth-aachen.de\/?page_id=448\"> <span class=\"screen-reader-text\">Das Studium der Geschichte. Vorlesungsgeschichte und autobiographische Erz\u00e4hlungen<\/span> Weiterlesen &raquo;<\/a><\/p>\n","protected":false},"author":1,"featured_media":0,"parent":0,"menu_order":0,"comment_status":"closed","ping_status":"closed","template":"","meta":{"site-sidebar-layout":"default","site-content-layout":"default","ast-main-header-display":"","ast-hfb-above-header-display":"","ast-hfb-below-header-display":"","ast-hfb-mobile-header-display":"","site-post-title":"","ast-breadcrumbs-content":"","ast-featured-img":"","footer-sml-layout":"","theme-transparent-header-meta":"","adv-header-id-meta":"","stick-header-meta":"","header-above-stick-meta":"","header-main-stick-meta":"","header-below-stick-meta":"","footnotes":""},"class_list":["post-448","page","type-page","status-publish","hentry"],"_links":{"self":[{"href":"https:\/\/akwg.rwth-aachen.de\/index.php?rest_route=\/wp\/v2\/pages\/448","targetHints":{"allow":["GET"]}}],"collection":[{"href":"https:\/\/akwg.rwth-aachen.de\/index.php?rest_route=\/wp\/v2\/pages"}],"about":[{"href":"https:\/\/akwg.rwth-aachen.de\/index.php?rest_route=\/wp\/v2\/types\/page"}],"author":[{"embeddable":true,"href":"https:\/\/akwg.rwth-aachen.de\/index.php?rest_route=\/wp\/v2\/users\/1"}],"replies":[{"embeddable":true,"href":"https:\/\/akwg.rwth-aachen.de\/index.php?rest_route=%2Fwp%2Fv2%2Fcomments&post=448"}],"version-history":[{"count":4,"href":"https:\/\/akwg.rwth-aachen.de\/index.php?rest_route=\/wp\/v2\/pages\/448\/revisions"}],"predecessor-version":[{"id":818,"href":"https:\/\/akwg.rwth-aachen.de\/index.php?rest_route=\/wp\/v2\/pages\/448\/revisions\/818"}],"wp:attachment":[{"href":"https:\/\/akwg.rwth-aachen.de\/index.php?rest_route=%2Fwp%2Fv2%2Fmedia&parent=448"}],"curies":[{"name":"wp","href":"https:\/\/api.w.org\/{rel}","templated":true}]}}