{"id":445,"date":"2022-03-17T16:23:12","date_gmt":"2022-03-17T15:23:12","guid":{"rendered":"http:\/\/test.akwg.rwth-aachen.de\/?page_id=445"},"modified":"2025-03-18T15:48:21","modified_gmt":"2025-03-18T14:48:21","slug":"sven-effert-1922-2000-leben-und-werk","status":"publish","type":"page","link":"https:\/\/akwg.rwth-aachen.de\/?page_id=445","title":{"rendered":"Sven Effert (1922-2000). Leben und Werk"},"content":{"rendered":"\n<div class=\"wp-block-columns is-layout-flex wp-container-core-columns-is-layout-9d6595d7 wp-block-columns-is-layout-flex\">\n<div class=\"wp-block-column is-layout-flow wp-block-column-is-layout-flow\">\n<p class=\"has-ast-global-color-6-background-color has-background\"><strong>Maren Friederike Weber (Hrsg.),<\/strong><br><br><strong>Sven Effert (1922-2000). Leben und Werk (Studien des AKWG, 21), Kassel University Press, Kassel 2018, ISBN (978-3-7376-0500-7)<\/strong><br><br>Das vorliegende Werk zeichnet ein detailliertes Bild Sven Efferts (1922-2000) im Spiegel seiner Zeit und analysiert dessen Einfluss auf den heutigen Stand der Kardiologie und Biomedizinischen Technik.<br><br>Effert etablierte unter anderem die Echokardiographie in Deutschland, bereitete den Weg f\u00fcr die Erstimpklantaion eines Schrittmachers und entwickelte durch seine Arbeiten das heute nach angewandte Monitoring im Verlauf eines akuten Mykordinfarkts.<br><br>Als eines der Gr\u00fcndungsordinarien der Medizinischen Fakult\u00e4t der RWTH Aachen f\u00fchrte Effert den Lehrstuhl f\u00fcr Innere Medizin I in interdisziplin\u00e4rer medizinisch-technischer Orientierung. In diesem Zusammenhang erwirkte er auch die Gr\u00fcndung des Helmholtz-Institus an der RWTH &#8211; der wohl bedeutendste Verdienst Efferts f\u00fcr die Entwicklung der Biomedizinischen Technik in Deutschland.<\/p>\n<\/div>\n<\/div>\n","protected":false},"excerpt":{"rendered":"<p>Maren Friederike Weber (Hrsg.), Sven Effert (1922-2000). Leben und Werk (Studien des AKWG, 21), Kassel University Press, Kassel 2018, ISBN (978-3-7376-0500-7) Das vorliegende Werk zeichnet ein detailliertes Bild Sven Efferts (1922-2000) im Spiegel seiner Zeit und analysiert dessen Einfluss auf den heutigen Stand der Kardiologie und Biomedizinischen Technik. Effert etablierte unter anderem die Echokardiographie in &hellip;<\/p>\n<p class=\"read-more\"> <a class=\"\" href=\"https:\/\/akwg.rwth-aachen.de\/?page_id=445\"> <span class=\"screen-reader-text\">Sven Effert (1922-2000). Leben und Werk<\/span> Weiterlesen &raquo;<\/a><\/p>\n","protected":false},"author":1,"featured_media":0,"parent":0,"menu_order":0,"comment_status":"closed","ping_status":"closed","template":"","meta":{"site-sidebar-layout":"default","site-content-layout":"default","ast-main-header-display":"","ast-hfb-above-header-display":"","ast-hfb-below-header-display":"","ast-hfb-mobile-header-display":"","site-post-title":"","ast-breadcrumbs-content":"","ast-featured-img":"","footer-sml-layout":"","theme-transparent-header-meta":"","adv-header-id-meta":"","stick-header-meta":"","header-above-stick-meta":"","header-main-stick-meta":"","header-below-stick-meta":"","footnotes":""},"class_list":["post-445","page","type-page","status-publish","hentry"],"_links":{"self":[{"href":"https:\/\/akwg.rwth-aachen.de\/index.php?rest_route=\/wp\/v2\/pages\/445","targetHints":{"allow":["GET"]}}],"collection":[{"href":"https:\/\/akwg.rwth-aachen.de\/index.php?rest_route=\/wp\/v2\/pages"}],"about":[{"href":"https:\/\/akwg.rwth-aachen.de\/index.php?rest_route=\/wp\/v2\/types\/page"}],"author":[{"embeddable":true,"href":"https:\/\/akwg.rwth-aachen.de\/index.php?rest_route=\/wp\/v2\/users\/1"}],"replies":[{"embeddable":true,"href":"https:\/\/akwg.rwth-aachen.de\/index.php?rest_route=%2Fwp%2Fv2%2Fcomments&post=445"}],"version-history":[{"count":3,"href":"https:\/\/akwg.rwth-aachen.de\/index.php?rest_route=\/wp\/v2\/pages\/445\/revisions"}],"predecessor-version":[{"id":829,"href":"https:\/\/akwg.rwth-aachen.de\/index.php?rest_route=\/wp\/v2\/pages\/445\/revisions\/829"}],"wp:attachment":[{"href":"https:\/\/akwg.rwth-aachen.de\/index.php?rest_route=%2Fwp%2Fv2%2Fmedia&parent=445"}],"curies":[{"name":"wp","href":"https:\/\/api.w.org\/{rel}","templated":true}]}}