{"id":439,"date":"2022-03-17T16:22:34","date_gmt":"2022-03-17T15:22:34","guid":{"rendered":"http:\/\/test.akwg.rwth-aachen.de\/?page_id=439"},"modified":"2025-03-18T15:47:19","modified_gmt":"2025-03-18T14:47:19","slug":"rassenhygienische-inhalte-im-zentralblatt-fuer-die-gesamte-zahn-mund-und-kieferheilkunde-1936-1945","status":"publish","type":"page","link":"https:\/\/akwg.rwth-aachen.de\/?page_id=439","title":{"rendered":"Rassenhygienische Inhalte im &#8222;Zentralblatt f\u00fcr die gesamte Zahn-, Mund- und Kieferheilkunde&#8220; (1936-1945)"},"content":{"rendered":"\n<div class=\"wp-block-columns is-layout-flex wp-container-core-columns-is-layout-9d6595d7 wp-block-columns-is-layout-flex\">\n<div class=\"wp-block-column is-layout-flow wp-block-column-is-layout-flow\">\n<p class=\"has-ast-global-color-6-background-color has-background\"><strong>Manfred Vigna<\/strong><br><br><strong>Rassenhygienische Inhalte im &#8222;Zentralblatt f\u00fcr die gesamte Zahn-, Mund- und Kieferheilkunde&#8220; (1936-1945). (= Studien des AKWG 19), kassel university press: Kassel 2017 (ISBN 978-3-7376-0390-4)<\/strong><br><br>Das \u201eZentralblatt f\u00fcr die gesamte Zahn-, Mund- und Kieferheilkunde\u201c wurde von 1936 bis 1945 von der \u201eDeutschen Gesellschaft f\u00fcr Zahn-, Mund- und Kieferheilkunde\u201c (DGZMK) herausgegeben und richtete sich mit einschl\u00e4gigen Fachreferaten an wissenschaftlich t\u00e4tige und praktizierende Zahnmediziner im In- und Ausland.<br><br>Als Printmedium der NS-Zeit trug das Zentralblatt gleichwohl Inhalte mit rassenhygienischem Hintergrund an seine Leserschaft heran.<br><br>Die vorliegende Arbeit untersucht Art und Menge dieser Inhalte. Hierbei erfolgte die methodisch notwendige Operationalisierung des Begriffs \u201eRassenhygiene\u201c bzw. dessen Kategorien \u201eEugenik\u201c, \u201eRassenanthropologie\u201c, \u201eSozialdarwinismus\u201c und \u201eV\u00f6lkische Bewegung\u201c mittels vorausgew\u00e4hlter Suchw\u00f6rter.<br><br>Die Untersuchung zeigt, dass sich Quantit\u00e4t und Qualit\u00e4t der rassenhygienischen Inhalte des Zentralblatts im Erscheinungsverlauf ver\u00e4nderten. In diesem Zusammenhang werden sowohl das sich wandelnde gesellschaftspolitische Zeitgeschehen als auch die beteiligten Schriftleiter, Rezensenten und Autoren beleuchtet.<br><br>Unter den Rubriken \u201eAnthropologie und Vererbungslehre\u201c, \u201eZahnerhaltungskunde\u201c, \u201eParadentose\u201c, \u201eSpezielle Chirurgie\u201c, \u201eVolksern\u00e4hrung\u201c und \u201eSoziale Fragen\u201c vermittelte das Zentralblatt die verschiedenen Aspekte der NS-Rassenhygiene in seiner typisch gem\u00e4\u00dfigten Diktion. Ein Beleg f\u00fcr die nationalsozialistische Ausrichtung des DGZMK-Organs und f\u00fcr die Bestrebungen der Verantwortlichen, das Zentralblatt international \u201erepr\u00e4sentativ\u201c zu gestalten.<\/p>\n<\/div>\n<\/div>\n","protected":false},"excerpt":{"rendered":"<p>Manfred Vigna Rassenhygienische Inhalte im &#8222;Zentralblatt f\u00fcr die gesamte Zahn-, Mund- und Kieferheilkunde&#8220; (1936-1945). (= Studien des AKWG 19), kassel university press: Kassel 2017 (ISBN 978-3-7376-0390-4) Das \u201eZentralblatt f\u00fcr die gesamte Zahn-, Mund- und Kieferheilkunde\u201c wurde von 1936 bis 1945 von der \u201eDeutschen Gesellschaft f\u00fcr Zahn-, Mund- und Kieferheilkunde\u201c (DGZMK) herausgegeben und richtete sich mit &hellip;<\/p>\n<p class=\"read-more\"> <a class=\"\" href=\"https:\/\/akwg.rwth-aachen.de\/?page_id=439\"> <span class=\"screen-reader-text\">Rassenhygienische Inhalte im &#8222;Zentralblatt f\u00fcr die gesamte Zahn-, Mund- und Kieferheilkunde&#8220; (1936-1945)<\/span> Weiterlesen &raquo;<\/a><\/p>\n","protected":false},"author":1,"featured_media":0,"parent":0,"menu_order":0,"comment_status":"closed","ping_status":"closed","template":"","meta":{"site-sidebar-layout":"default","site-content-layout":"default","ast-main-header-display":"","ast-hfb-above-header-display":"","ast-hfb-below-header-display":"","ast-hfb-mobile-header-display":"","site-post-title":"","ast-breadcrumbs-content":"","ast-featured-img":"","footer-sml-layout":"","theme-transparent-header-meta":"","adv-header-id-meta":"","stick-header-meta":"","header-above-stick-meta":"","header-main-stick-meta":"","header-below-stick-meta":"","footnotes":""},"class_list":["post-439","page","type-page","status-publish","hentry"],"_links":{"self":[{"href":"https:\/\/akwg.rwth-aachen.de\/index.php?rest_route=\/wp\/v2\/pages\/439","targetHints":{"allow":["GET"]}}],"collection":[{"href":"https:\/\/akwg.rwth-aachen.de\/index.php?rest_route=\/wp\/v2\/pages"}],"about":[{"href":"https:\/\/akwg.rwth-aachen.de\/index.php?rest_route=\/wp\/v2\/types\/page"}],"author":[{"embeddable":true,"href":"https:\/\/akwg.rwth-aachen.de\/index.php?rest_route=\/wp\/v2\/users\/1"}],"replies":[{"embeddable":true,"href":"https:\/\/akwg.rwth-aachen.de\/index.php?rest_route=%2Fwp%2Fv2%2Fcomments&post=439"}],"version-history":[{"count":4,"href":"https:\/\/akwg.rwth-aachen.de\/index.php?rest_route=\/wp\/v2\/pages\/439\/revisions"}],"predecessor-version":[{"id":827,"href":"https:\/\/akwg.rwth-aachen.de\/index.php?rest_route=\/wp\/v2\/pages\/439\/revisions\/827"}],"wp:attachment":[{"href":"https:\/\/akwg.rwth-aachen.de\/index.php?rest_route=%2Fwp%2Fv2%2Fmedia&parent=439"}],"curies":[{"name":"wp","href":"https:\/\/api.w.org\/{rel}","templated":true}]}}