{"id":436,"date":"2022-03-17T16:22:27","date_gmt":"2022-03-17T15:22:27","guid":{"rendered":"http:\/\/test.akwg.rwth-aachen.de\/?page_id=436"},"modified":"2025-03-18T15:48:51","modified_gmt":"2025-03-18T14:48:51","slug":"zurueck-in-die-zukunft-die-bedeutung-von-diskursien-ueber-zukunft-in-der-wissenschaftsgeschichte","status":"publish","type":"page","link":"https:\/\/akwg.rwth-aachen.de\/?page_id=436","title":{"rendered":"Zur\u00fcck in die Zukunft. Die Bedeutung von Diskursen \u00fcber &#8222;Zukunft&#8220; in der Wissenschaftsgeschichte"},"content":{"rendered":"\n<div class=\"wp-block-columns is-layout-flex wp-container-core-columns-is-layout-9d6595d7 wp-block-columns-is-layout-flex\">\n<div class=\"wp-block-column is-layout-flow wp-block-column-is-layout-flow\">\n<p class=\"has-ast-global-color-6-background-color has-background\"><strong>Klaus Freitag, Dominik Gro\u00df (Hrsg.)<\/strong><br><br><strong>Zur\u00fcck in die Zukunft. die Bedeutung von Diskursen \u00fcber &#8222;Zukunft&#8220; in der Wissenschaftsgeschichte (= Studien des AKWG, 18), kassel university press: Kassel 2017 (ISBN 978-3-86219-888-7)<\/strong><br><br>Im vorliegenden Tagungsband wird &#8222;Zukunft&#8220; nicht als anthropologische Konstante, sondern vielmehr als eine mit soziokulturellen Umfeld eng verkn\u00fcpfte, dynamische Denbkweisen verstanden. Folglich liegt der Fokus der Beitr\u00e4ge nicht allein auf der Frage, ob und wie Wissenschaften und Gesellschaften mit Zukunftskonzepten und Zukunftsvorstellungen umgegangen sind, sondern auch darauf, die unterschiedlichen Schnittstellen ausfindig zu machen, die &#8222;Zukunft&#8220; als Denkkategorie mit Gesellschaft und Wissenschaft verbinden.<\/p>\n<\/div>\n<\/div>\n","protected":false},"excerpt":{"rendered":"<p>Klaus Freitag, Dominik Gro\u00df (Hrsg.) Zur\u00fcck in die Zukunft. die Bedeutung von Diskursen \u00fcber &#8222;Zukunft&#8220; in der Wissenschaftsgeschichte (= Studien des AKWG, 18), kassel university press: Kassel 2017 (ISBN 978-3-86219-888-7) Im vorliegenden Tagungsband wird &#8222;Zukunft&#8220; nicht als anthropologische Konstante, sondern vielmehr als eine mit soziokulturellen Umfeld eng verkn\u00fcpfte, dynamische Denbkweisen verstanden. Folglich liegt der Fokus &hellip;<\/p>\n<p class=\"read-more\"> <a class=\"\" href=\"https:\/\/akwg.rwth-aachen.de\/?page_id=436\"> <span class=\"screen-reader-text\">Zur\u00fcck in die Zukunft. Die Bedeutung von Diskursen \u00fcber &#8222;Zukunft&#8220; in der Wissenschaftsgeschichte<\/span> Weiterlesen &raquo;<\/a><\/p>\n","protected":false},"author":1,"featured_media":0,"parent":0,"menu_order":0,"comment_status":"closed","ping_status":"closed","template":"","meta":{"site-sidebar-layout":"default","site-content-layout":"default","ast-main-header-display":"","ast-hfb-above-header-display":"","ast-hfb-below-header-display":"","ast-hfb-mobile-header-display":"","site-post-title":"","ast-breadcrumbs-content":"","ast-featured-img":"","footer-sml-layout":"","theme-transparent-header-meta":"","adv-header-id-meta":"","stick-header-meta":"","header-above-stick-meta":"","header-main-stick-meta":"","header-below-stick-meta":"","footnotes":""},"class_list":["post-436","page","type-page","status-publish","hentry"],"_links":{"self":[{"href":"https:\/\/akwg.rwth-aachen.de\/index.php?rest_route=\/wp\/v2\/pages\/436","targetHints":{"allow":["GET"]}}],"collection":[{"href":"https:\/\/akwg.rwth-aachen.de\/index.php?rest_route=\/wp\/v2\/pages"}],"about":[{"href":"https:\/\/akwg.rwth-aachen.de\/index.php?rest_route=\/wp\/v2\/types\/page"}],"author":[{"embeddable":true,"href":"https:\/\/akwg.rwth-aachen.de\/index.php?rest_route=\/wp\/v2\/users\/1"}],"replies":[{"embeddable":true,"href":"https:\/\/akwg.rwth-aachen.de\/index.php?rest_route=%2Fwp%2Fv2%2Fcomments&post=436"}],"version-history":[{"count":3,"href":"https:\/\/akwg.rwth-aachen.de\/index.php?rest_route=\/wp\/v2\/pages\/436\/revisions"}],"predecessor-version":[{"id":830,"href":"https:\/\/akwg.rwth-aachen.de\/index.php?rest_route=\/wp\/v2\/pages\/436\/revisions\/830"}],"wp:attachment":[{"href":"https:\/\/akwg.rwth-aachen.de\/index.php?rest_route=%2Fwp%2Fv2%2Fmedia&parent=436"}],"curies":[{"name":"wp","href":"https:\/\/api.w.org\/{rel}","templated":true}]}}