{"id":430,"date":"2022-03-17T16:22:09","date_gmt":"2022-03-17T15:22:09","guid":{"rendered":"http:\/\/test.akwg.rwth-aachen.de\/?page_id=430"},"modified":"2025-03-18T15:54:32","modified_gmt":"2025-03-18T14:54:32","slug":"ueberwindung-der-koerperlichkeit-historische-perspektiven-auf-den-kuenstlichen-koerper","status":"publish","type":"page","link":"https:\/\/akwg.rwth-aachen.de\/?page_id=430","title":{"rendered":"\u00dcberwindung der K\u00f6rperlichkeit. Historische Perspektiven auf den k\u00fcnstlichen K\u00f6rper"},"content":{"rendered":"\n<div class=\"wp-block-columns is-layout-flex wp-container-core-columns-is-layout-9d6595d7 wp-block-columns-is-layout-flex\">\n<div class=\"wp-block-column is-layout-flow wp-block-column-is-layout-flow\">\n<p class=\"has-ast-global-color-6-background-color has-background\"><strong>Gro\u00df, Dominik und S\u00f6derfeldt, Ylva (Hrsg.)<\/strong><br><br><strong>\u00dcberwindung der K\u00f6rperlichkeit. Historische Perspektiven auf den k\u00fcnstlichen K\u00f6rper. (= Studien des AKWG, 16), kassel university press: Kassel 2015 (ISBN 978-3-86219-886-3)<\/strong><br><br>Mit dem Schlagwort \u201eNichts \u00fcber uns ohne uns!\u201c haben die Disability Studies eine Bewegung weg von der auf Institutionen, Entdeckungen und \u201agro\u00dfen M\u00e4nnern\u2018 fokussierten Geschichte der Behinderung angek\u00fcndigt. Dement-sprechend wendet man sich einerseits dem behinderten Menschen als historischem Subjekt zu, um die Objekt- und Opferrollen zu dekonstruieren und ausgegrenzte Gruppen sichtbar zu machen. Andererseits wird versucht, k\u00f6rperliche Differenzen von der behindert\/nicht-behindert-Dichotomie loszul\u00f6sen und als allgegenw\u00e4rtiges gesellschaftliches und kulturelles Strukturmerkmal zu begreifen. So wollen die Disability Studies, \u00e4hnlich wie zuvor z.B. die Gender Studies, allen Wissensgebieten eine weitere Perspektive liefern. Die Schwerpunkte der bisherigen Forschung in der Disability History sind zum gro\u00dfen Teil sozial- bzw. kulturhistorisch gepr\u00e4gt. Weniger beleuchtet wurden bis-her die Wechselbeziehungen zwischen Disability History und der \u201aklassischen\u2018 Wissenschaftsgeschichte. Der vorliegende Sammelband beleuchtet die M\u00f6glichkeiten und Grenzen der verschiedenen Modelle von Behinderung aus wissenschaftshistorischer Sicht, um so eine \u201euniversalisierende\u201c Perspektive auf Behinderung zu gewinnen.<\/p>\n<\/div>\n<\/div>\n","protected":false},"excerpt":{"rendered":"<p>Gro\u00df, Dominik und S\u00f6derfeldt, Ylva (Hrsg.) \u00dcberwindung der K\u00f6rperlichkeit. Historische Perspektiven auf den k\u00fcnstlichen K\u00f6rper. (= Studien des AKWG, 16), kassel university press: Kassel 2015 (ISBN 978-3-86219-886-3) Mit dem Schlagwort \u201eNichts \u00fcber uns ohne uns!\u201c haben die Disability Studies eine Bewegung weg von der auf Institutionen, Entdeckungen und \u201agro\u00dfen M\u00e4nnern\u2018 fokussierten Geschichte der Behinderung angek\u00fcndigt. &hellip;<\/p>\n<p class=\"read-more\"> <a class=\"\" href=\"https:\/\/akwg.rwth-aachen.de\/?page_id=430\"> <span class=\"screen-reader-text\">\u00dcberwindung der K\u00f6rperlichkeit. Historische Perspektiven auf den k\u00fcnstlichen K\u00f6rper<\/span> Weiterlesen &raquo;<\/a><\/p>\n","protected":false},"author":1,"featured_media":0,"parent":0,"menu_order":0,"comment_status":"closed","ping_status":"closed","template":"","meta":{"site-sidebar-layout":"default","site-content-layout":"default","ast-main-header-display":"","ast-hfb-above-header-display":"","ast-hfb-below-header-display":"","ast-hfb-mobile-header-display":"","site-post-title":"","ast-breadcrumbs-content":"","ast-featured-img":"","footer-sml-layout":"","theme-transparent-header-meta":"","adv-header-id-meta":"","stick-header-meta":"","header-above-stick-meta":"","header-main-stick-meta":"","header-below-stick-meta":"","footnotes":""},"class_list":["post-430","page","type-page","status-publish","hentry"],"_links":{"self":[{"href":"https:\/\/akwg.rwth-aachen.de\/index.php?rest_route=\/wp\/v2\/pages\/430","targetHints":{"allow":["GET"]}}],"collection":[{"href":"https:\/\/akwg.rwth-aachen.de\/index.php?rest_route=\/wp\/v2\/pages"}],"about":[{"href":"https:\/\/akwg.rwth-aachen.de\/index.php?rest_route=\/wp\/v2\/types\/page"}],"author":[{"embeddable":true,"href":"https:\/\/akwg.rwth-aachen.de\/index.php?rest_route=\/wp\/v2\/users\/1"}],"replies":[{"embeddable":true,"href":"https:\/\/akwg.rwth-aachen.de\/index.php?rest_route=%2Fwp%2Fv2%2Fcomments&post=430"}],"version-history":[{"count":3,"href":"https:\/\/akwg.rwth-aachen.de\/index.php?rest_route=\/wp\/v2\/pages\/430\/revisions"}],"predecessor-version":[{"id":835,"href":"https:\/\/akwg.rwth-aachen.de\/index.php?rest_route=\/wp\/v2\/pages\/430\/revisions\/835"}],"wp:attachment":[{"href":"https:\/\/akwg.rwth-aachen.de\/index.php?rest_route=%2Fwp%2Fv2%2Fmedia&parent=430"}],"curies":[{"name":"wp","href":"https:\/\/api.w.org\/{rel}","templated":true}]}}