{"id":400,"date":"2022-03-17T16:20:40","date_gmt":"2022-03-17T15:20:40","guid":{"rendered":"http:\/\/test.akwg.rwth-aachen.de\/?page_id=400"},"modified":"2025-03-18T15:29:36","modified_gmt":"2025-03-18T14:29:36","slug":"die-dienstbare-leiche-der-tote-koerper-als-medizinische-soziokulturelle-und-oekonomische-ressource","status":"publish","type":"page","link":"https:\/\/akwg.rwth-aachen.de\/?page_id=400","title":{"rendered":"Die dienstbare Leiche. Der tote K\u00f6rper als medizinische, soziokulturelle und \u00f6konomische Ressource"},"content":{"rendered":"\n<div class=\"wp-block-columns is-layout-flex wp-container-core-columns-is-layout-9d6595d7 wp-block-columns-is-layout-flex\">\n<div class=\"wp-block-column is-layout-flow wp-block-column-is-layout-flow\">\n<p class=\"has-ast-global-color-6-background-color has-background\"><strong>Domink Gro\u00df (Hrsg.),<\/strong><br><br><strong>Die dienstbare Leiche. Der tote K\u00f6rper als medizinische, soziokulturelle und \u00f6konomische Ressource. Proceedings zum Kick-off-Workshop des Aachener Kompetenzzentrums f\u00fcr Wissenschaftsgeschichte vom 15.-16. Januar 2009 (= Studien des AKWG, 5), kassel university press: Kassel 2009 (ISBN: 978-3-89958-6640-0)<\/strong><br><br>Der vorliegende Proceedingsband vereint 24 Kurzbeitr\u00e4ge, die im Januar 2009 in Aachen im Rahmen des Kick off Workshops &#8222;Die dienstbare Leiche: Der tote K\u00f6rper als medizinische, soziokulturelle und \u00f6konomische Ressource&#8220; vorgestellt wurden.<br><br>Die Beitr\u00e4ge entstammen den Fachdisziplinen Medizingeschichte, Technikgeschichte, Literaturgeschichte, Wirtschafts- und Sozialgeschichte, Kunstgeschichte, Alte Geschichte, mittelalterliche Geschichte, Neuere und neueste Geschichte, Medizin, Soziologie, Thanatosoziologie und Psychologie. Sie besch\u00e4ftigen sich in einem transdisziplin\u00e4ren Zugriff mit unterschiedlichen Formen der Nutzbarmachung menschlicher Leichen(teile) in Geschichte und Gegenwart.<\/p>\n<\/div>\n<\/div>\n","protected":false},"excerpt":{"rendered":"<p>Domink Gro\u00df (Hrsg.), Die dienstbare Leiche. Der tote K\u00f6rper als medizinische, soziokulturelle und \u00f6konomische Ressource. Proceedings zum Kick-off-Workshop des Aachener Kompetenzzentrums f\u00fcr Wissenschaftsgeschichte vom 15.-16. Januar 2009 (= Studien des AKWG, 5), kassel university press: Kassel 2009 (ISBN: 978-3-89958-6640-0) Der vorliegende Proceedingsband vereint 24 Kurzbeitr\u00e4ge, die im Januar 2009 in Aachen im Rahmen des Kick &hellip;<\/p>\n<p class=\"read-more\"> <a class=\"\" href=\"https:\/\/akwg.rwth-aachen.de\/?page_id=400\"> <span class=\"screen-reader-text\">Die dienstbare Leiche. Der tote K\u00f6rper als medizinische, soziokulturelle und \u00f6konomische Ressource<\/span> Weiterlesen &raquo;<\/a><\/p>\n","protected":false},"author":1,"featured_media":0,"parent":0,"menu_order":0,"comment_status":"closed","ping_status":"closed","template":"","meta":{"site-sidebar-layout":"default","site-content-layout":"default","ast-main-header-display":"","ast-hfb-above-header-display":"","ast-hfb-below-header-display":"","ast-hfb-mobile-header-display":"","site-post-title":"","ast-breadcrumbs-content":"","ast-featured-img":"","footer-sml-layout":"","theme-transparent-header-meta":"","adv-header-id-meta":"","stick-header-meta":"","header-above-stick-meta":"","header-main-stick-meta":"","header-below-stick-meta":"","footnotes":""},"class_list":["post-400","page","type-page","status-publish","hentry"],"_links":{"self":[{"href":"https:\/\/akwg.rwth-aachen.de\/index.php?rest_route=\/wp\/v2\/pages\/400","targetHints":{"allow":["GET"]}}],"collection":[{"href":"https:\/\/akwg.rwth-aachen.de\/index.php?rest_route=\/wp\/v2\/pages"}],"about":[{"href":"https:\/\/akwg.rwth-aachen.de\/index.php?rest_route=\/wp\/v2\/types\/page"}],"author":[{"embeddable":true,"href":"https:\/\/akwg.rwth-aachen.de\/index.php?rest_route=\/wp\/v2\/users\/1"}],"replies":[{"embeddable":true,"href":"https:\/\/akwg.rwth-aachen.de\/index.php?rest_route=%2Fwp%2Fv2%2Fcomments&post=400"}],"version-history":[{"count":3,"href":"https:\/\/akwg.rwth-aachen.de\/index.php?rest_route=\/wp\/v2\/pages\/400\/revisions"}],"predecessor-version":[{"id":819,"href":"https:\/\/akwg.rwth-aachen.de\/index.php?rest_route=\/wp\/v2\/pages\/400\/revisions\/819"}],"wp:attachment":[{"href":"https:\/\/akwg.rwth-aachen.de\/index.php?rest_route=%2Fwp%2Fv2%2Fmedia&parent=400"}],"curies":[{"name":"wp","href":"https:\/\/api.w.org\/{rel}","templated":true}]}}