{"id":40,"date":"2021-12-22T11:35:39","date_gmt":"2021-12-22T10:35:39","guid":{"rendered":"http:\/\/test.akwg.rwth-aachen.de\/html\/?page_id=40"},"modified":"2025-11-04T13:01:50","modified_gmt":"2025-11-04T12:01:50","slug":"akwg-aachen","status":"publish","type":"page","link":"https:\/\/akwg.rwth-aachen.de\/","title":{"rendered":"AKWG Aachen"},"content":{"rendered":"\n<div class=\"wp-block-group is-layout-flow wp-block-group-is-layout-flow\"><div class=\"wp-block-group__inner-container\">\n<div class=\"wp-block-columns is-layout-flex wp-container-core-columns-is-layout-9d6595d7 wp-block-columns-is-layout-flex\">\n<div class=\"wp-block-column is-layout-flow wp-block-column-is-layout-flow\">\n<figure class=\"wp-block-image size-large\"><img loading=\"lazy\" decoding=\"async\" width=\"1024\" height=\"712\" src=\"http:\/\/test.akwg.rwth-aachen.de\/html\/wp-content\/uploads\/2022\/01\/SuperC-59-JPG-1024x712.jpeg\" alt=\"\" class=\"wp-image-270\" srcset=\"https:\/\/akwg.rwth-aachen.de\/wp-content\/uploads\/2022\/01\/SuperC-59-JPG-1024x712.jpeg 1024w, https:\/\/akwg.rwth-aachen.de\/wp-content\/uploads\/2022\/01\/SuperC-59-JPG-300x209.jpeg 300w, https:\/\/akwg.rwth-aachen.de\/wp-content\/uploads\/2022\/01\/SuperC-59-JPG-768x534.jpeg 768w, https:\/\/akwg.rwth-aachen.de\/wp-content\/uploads\/2022\/01\/SuperC-59-JPG-1536x1068.jpeg 1536w, https:\/\/akwg.rwth-aachen.de\/wp-content\/uploads\/2022\/01\/SuperC-59-JPG-2048x1425.jpeg 2048w\" sizes=\"auto, (max-width: 1024px) 100vw, 1024px\" \/><\/figure>\n<\/div>\n\n\n\n<div class=\"wp-block-column is-layout-flow wp-block-column-is-layout-flow\">\n<p>Das Aachener Kompetenzzentrum Wissenschaftsgeschichte (AKWG) ist eine f\u00e4cher- und institutions\u00fcbergreifende Einrichtung zur B\u00fcndelung der an der RWTH Aachen vorhandenen wissenschaftshistorischen Kompetenzen. Ziel ist es, den interdisziplin\u00e4ren Austausch zu f\u00f6rdern und durch so gewonnene Synergieeffekte innovative, ertragreiche und gesellschaftlich relevante Forschungsvorhaben auf den Weg zu bringen.<\/p>\n\n\n\n<p>Dar\u00fcber hinaus soll die in den beteiligten Einrichtungen schon bisher bestehende Veranstaltungs- und Lehrt\u00e4tigkeit Impulse aus dem Zusammenwirken der einzelnen Subdisziplinen erhalten, sodass das Fach Wissenschaftsgeschichte in der universit\u00e4ren Landschaft seiner Bedeutung entsprechend repr\u00e4sentiert ist<\/p>\n\n\n\n<p>Gerade an einer Technischen Hochschule ist die professionelle Auseinandersetzung mit der historischen Dimension von Wissenschaft(en) eine unverzichtbare Erg\u00e4nzung des technisch bzw. naturwissenschaftlich gepr\u00e4gten Umgangs mit der Wirklichkeit. &nbsp;<\/p>\n<\/div>\n<\/div>\n\n\n\n<div class=\"wp-block-group is-layout-constrained wp-block-group-is-layout-constrained\"><div class=\"wp-block-group__inner-container\">\n<h1 class=\"wp-block-heading has-text-align-left\"><strong>15. AKWG-Tag der Wissenschaftsgeschichte \u201eIllustratives Denken\u201c (10. \u2013 11. Juli 2025)<\/strong><\/h1>\n\n\n\n<p><\/p>\n\n\n\n<p class=\"has-text-align-left\">F\u00fcr illustratives Denken, das anhand von Zeichnungen, Scribbles und Visualisierungen den wissenschaftlichen Entdeckungsprozess voranbringt, lassen sich zahlreiche Beispiele in der Wissenschaftsgeschichte finden. Ein Paradebeispiel und zugleich Inspiration f\u00fcr das Tagungsthema bildete Gottfried Wilhelm Leibniz\u2018 (1646\u20131716) \u201eKalk\u00fcl der Lage\u201c (De analysi situs, 1693), der im Kontext der Geometrie und Topologie diskutiert wird.<\/p>\n\n\n\n<p>In Ankn\u00fcpfung an die erste AKWG-Tagung mit dem Thema <strong>\u201e<\/strong><strong>Vom Bild zur Erkenntnis? Visualisierungskonzepte in den Wissenschaften\u201c <\/strong>wurde im Rahmen der zweit\u00e4gigen Veranstaltung nochmals nach der epistemischen Rolle des illustrativen Denkens gefragt. In historischer und interdisziplin\u00e4rer Perspektive wurde das Thema auf vielf\u00e4ltige Weise von Vertretern unterschiedlicher Lehrst\u00fchle und Fachgebiete im In- und Ausland beleuchtet. Nach einleitenden Worten von Gabriele Gramelsberger und Dominik Gro\u00df (RWTH\/RWTH UKA Aachen) pr\u00e4sentierten neben den lokalen Vertretern Alexander Markschies, Caroline Torra-Mattenklott (RWTH Aachen) und Lukas Frank (RWTH UKA Aachen) auch Hans-J\u00f6rg Rheinberger (MPI-WG Berlin), Peter Bexte (KHM K\u00f6ln-Berlin) und Sybille Kr\u00e4mer (FU Berlin). Als G\u00e4ste aus dem Ausland zugegen waren Cristina Spinei (UAIC Ia\u015fi), Marius Fischer (Wien) und Hannes Rickli (ZHdK Z\u00fcrich). Die vertretenen Disziplinen reichten von der Wissenschaftsgeschichte \u00fcber die Germanistik, Kunstgeschichte, \u00c4sthetik und Philosophie bis hin zur Fotografie und Kunst- und Designtheorie. Diese bunte Mischung erm\u00f6glichte eine Auseinandersetzung mit der Thematik aus v\u00f6llig unterschiedlichen Blickwinkeln, einige anregende Diskussionen und die ein oder andere v\u00f6llig neue Einsicht.<\/p>\n\n\n\n<p>Tagungsleitung und Gastgeber: Gabriele Gramelsberger (Beteiligung von Dominik Gro\u00df und Lukas Frank als AKWG-Sprechern und institutionellen Partnern)<\/p>\n\n\n\n<p class=\"has-text-align-left\">Nachfolgende Publikation: in Vorbereitung<\/p>\n<\/div><\/div>\n<\/div><\/div>\n","protected":false},"excerpt":{"rendered":"<p> Wissenschaftliche Expertise ist in demokratischen Gesellschaften der Gegenwart eine zentrale Handlungsressource und ein wichtiger Legitimationsspender f\u00fcr politische Entscheidungen geworden. W\u00e4hrend demokratische Entscheidungsprozesse immer st\u00e4rker von wissenschaftlicher Expertise begleitet und beeinflusst werden, Evidenzanspr\u00fcche demokratische Politik also vielfach pr\u00e4gen, ger\u00e4t genau diese Konstellation aus verschiedenen Richtungen zunehmend unter Druck: aus der Wissenschaft, in der die Konkurrenz w\u00e4chst, wer als Experte Legitimation habe, um die Politik in der Demokratie zu beraten;<\/p>\n<p><a href=\"https:\/\/akwg.rwth-aachen.de\/?page_id=83\">Weiterlesen <\/a><\/p>\n","protected":false},"author":1,"featured_media":0,"parent":0,"menu_order":0,"comment_status":"closed","ping_status":"closed","template":"","meta":{"site-sidebar-layout":"right-sidebar","site-content-layout":"default","ast-main-header-display":"","ast-hfb-above-header-display":"","ast-hfb-below-header-display":"","ast-hfb-mobile-header-display":"","site-post-title":"","ast-breadcrumbs-content":"","ast-featured-img":"","footer-sml-layout":"","theme-transparent-header-meta":"","adv-header-id-meta":"","stick-header-meta":"","header-above-stick-meta":"","header-main-stick-meta":"","header-below-stick-meta":"","footnotes":""},"class_list":["post-40","page","type-page","status-publish","hentry"],"_links":{"self":[{"href":"https:\/\/akwg.rwth-aachen.de\/index.php?rest_route=\/wp\/v2\/pages\/40","targetHints":{"allow":["GET"]}}],"collection":[{"href":"https:\/\/akwg.rwth-aachen.de\/index.php?rest_route=\/wp\/v2\/pages"}],"about":[{"href":"https:\/\/akwg.rwth-aachen.de\/index.php?rest_route=\/wp\/v2\/types\/page"}],"author":[{"embeddable":true,"href":"https:\/\/akwg.rwth-aachen.de\/index.php?rest_route=\/wp\/v2\/users\/1"}],"replies":[{"embeddable":true,"href":"https:\/\/akwg.rwth-aachen.de\/index.php?rest_route=%2Fwp%2Fv2%2Fcomments&post=40"}],"version-history":[{"count":20,"href":"https:\/\/akwg.rwth-aachen.de\/index.php?rest_route=\/wp\/v2\/pages\/40\/revisions"}],"predecessor-version":[{"id":847,"href":"https:\/\/akwg.rwth-aachen.de\/index.php?rest_route=\/wp\/v2\/pages\/40\/revisions\/847"}],"wp:attachment":[{"href":"https:\/\/akwg.rwth-aachen.de\/index.php?rest_route=%2Fwp%2Fv2%2Fmedia&parent=40"}],"curies":[{"name":"wp","href":"https:\/\/api.w.org\/{rel}","templated":true}]}}