{"id":391,"date":"2022-03-17T16:19:54","date_gmt":"2022-03-17T15:19:54","guid":{"rendered":"http:\/\/test.akwg.rwth-aachen.de\/?page_id=391"},"modified":"2025-03-18T15:56:23","modified_gmt":"2025-03-18T14:56:23","slug":"wissenschaftsgeschichte-im-rheinland-unter-besonderer-beruecksichtigung-von-raumkompetenzen","status":"publish","type":"page","link":"https:\/\/akwg.rwth-aachen.de\/?page_id=391","title":{"rendered":"Wissenschaftsgeschichte im Rheinland unter besonderer Ber\u00fccksichtigung von Raumkompetenzen"},"content":{"rendered":"\n<div class=\"wp-block-columns is-layout-flex wp-container-core-columns-is-layout-9d6595d7 wp-block-columns-is-layout-flex\">\n<div class=\"wp-block-column is-layout-flow wp-block-column-is-layout-flow\">\n<p class=\"has-ast-global-color-6-background-color has-background\"><strong>Cepl-Kaufmann Gertrude, Gro\u00df Dominik, M\u00f6lich Georg (Hrsg.),<\/strong><br><br><strong>Wissenschaftsgeschichte im Rheinland unter besonderer Ber\u00fccksichtigung von Raumkompetenzen (= Studien des AKWG, 2), kassel university press: Kassel 2008 (ISBN: 978-3-89958-407-3)<\/strong><br><br>Dieser Buchband basiert auf den Ergebnissen zweier wissenschaftlicher Tagungen, die sich im November 2007 und im Februar 2008 dem Thema &#8222;Wissenschaftsgeschichte des Rheinlands&#8220; gewidmet haben. Im Mittelpunkt steht die Frage, welche Konzeptionen und Ideen sich bei der Besch\u00e4ftigung mit Wissenschaftsgeschichte im Rheinland &#8211; im universit\u00e4ren wie im au\u00dferuniversit\u00e4ren Bereich &#8211; herausarbeiten lassen.<br><br>Mehrere Autoren kommen zu dem Ergebnis, dass Raumkonstruktionen hierbei eine besondere Bedeutung zukam. Die im fr\u00fchen 20. Jahrhundert vertretenen raumkonzeptionellen Vorstellungen und politischen Entw\u00fcrfe reichten von den Abendland-Konstruktionen der Philosophen und Literaten \u00fcber die geopolitische Ausrichtung der Wirtschaftswissenschaftler bis hin zur &#8222;Westforschung&#8220; der Historiker. Der Einfluss dieser Forschungen blieb keinesfalls auf die Wissenschaft beschr\u00e4nkt, sondern beeinflusste in vielf\u00e4ltiger Weise das politische und soziale Umfeld.<br><br>Die hier versammelten Beitr\u00e4ge machen deutlich, dass das Rheinland mit seinen r\u00e4umlichen Konfigurationen einen lohnenden Forschungsgegenstand f\u00fcr die Wissenschaftsgeschichte darstellt.<\/p>\n<\/div>\n<\/div>\n","protected":false},"excerpt":{"rendered":"<p>Cepl-Kaufmann Gertrude, Gro\u00df Dominik, M\u00f6lich Georg (Hrsg.), Wissenschaftsgeschichte im Rheinland unter besonderer Ber\u00fccksichtigung von Raumkompetenzen (= Studien des AKWG, 2), kassel university press: Kassel 2008 (ISBN: 978-3-89958-407-3) Dieser Buchband basiert auf den Ergebnissen zweier wissenschaftlicher Tagungen, die sich im November 2007 und im Februar 2008 dem Thema &#8222;Wissenschaftsgeschichte des Rheinlands&#8220; gewidmet haben. Im Mittelpunkt steht &hellip;<\/p>\n<p class=\"read-more\"> <a class=\"\" href=\"https:\/\/akwg.rwth-aachen.de\/?page_id=391\"> <span class=\"screen-reader-text\">Wissenschaftsgeschichte im Rheinland unter besonderer Ber\u00fccksichtigung von Raumkompetenzen<\/span> Weiterlesen &raquo;<\/a><\/p>\n","protected":false},"author":1,"featured_media":0,"parent":0,"menu_order":0,"comment_status":"closed","ping_status":"closed","template":"","meta":{"site-sidebar-layout":"default","site-content-layout":"default","ast-main-header-display":"","ast-hfb-above-header-display":"","ast-hfb-below-header-display":"","ast-hfb-mobile-header-display":"","site-post-title":"","ast-breadcrumbs-content":"","ast-featured-img":"","footer-sml-layout":"","theme-transparent-header-meta":"","adv-header-id-meta":"","stick-header-meta":"","header-above-stick-meta":"","header-main-stick-meta":"","header-below-stick-meta":"","footnotes":""},"class_list":["post-391","page","type-page","status-publish","hentry"],"_links":{"self":[{"href":"https:\/\/akwg.rwth-aachen.de\/index.php?rest_route=\/wp\/v2\/pages\/391","targetHints":{"allow":["GET"]}}],"collection":[{"href":"https:\/\/akwg.rwth-aachen.de\/index.php?rest_route=\/wp\/v2\/pages"}],"about":[{"href":"https:\/\/akwg.rwth-aachen.de\/index.php?rest_route=\/wp\/v2\/types\/page"}],"author":[{"embeddable":true,"href":"https:\/\/akwg.rwth-aachen.de\/index.php?rest_route=\/wp\/v2\/users\/1"}],"replies":[{"embeddable":true,"href":"https:\/\/akwg.rwth-aachen.de\/index.php?rest_route=%2Fwp%2Fv2%2Fcomments&post=391"}],"version-history":[{"count":4,"href":"https:\/\/akwg.rwth-aachen.de\/index.php?rest_route=\/wp\/v2\/pages\/391\/revisions"}],"predecessor-version":[{"id":837,"href":"https:\/\/akwg.rwth-aachen.de\/index.php?rest_route=\/wp\/v2\/pages\/391\/revisions\/837"}],"wp:attachment":[{"href":"https:\/\/akwg.rwth-aachen.de\/index.php?rest_route=%2Fwp%2Fv2%2Fmedia&parent=391"}],"curies":[{"name":"wp","href":"https:\/\/api.w.org\/{rel}","templated":true}]}}