{"id":388,"date":"2022-03-17T16:19:34","date_gmt":"2022-03-17T15:19:34","guid":{"rendered":"http:\/\/test.akwg.rwth-aachen.de\/?page_id=388"},"modified":"2025-03-18T15:53:17","modified_gmt":"2025-03-18T14:53:17","slug":"vom-bild-zur-erkenntnis-visualisierungskonzepte-in-den-wissenschaften","status":"publish","type":"page","link":"https:\/\/akwg.rwth-aachen.de\/?page_id=388","title":{"rendered":"Vom Bild zur Erkenntnis? Visualisierungskonzepte in den Wissenschaften"},"content":{"rendered":"\n<div class=\"wp-block-columns is-layout-flex wp-container-core-columns-is-layout-9d6595d7 wp-block-columns-is-layout-flex\">\n<div class=\"wp-block-column is-layout-flow wp-block-column-is-layout-flow\">\n<p class=\"has-ast-global-color-6-background-color has-background\"><strong>Vom Bild zur Erkenntnis<\/strong><br><br><strong>Gro\u00df Dominik, Westermann Stefanie (Hrsg.),<\/strong><br><br><strong>Vom Bild zur Erkenntnis? Visualisierungskonzepte in den Wissenschaften (= Studien des AKWG, 1), kassel university press: Kassel 2007 (ISBN: 978-3-89958-342-7)<\/strong><br><br>Der vorliegende Buchband basiert auf dem ersten interdisziplin\u00e4ren &#8222;Thementag Wissenschaftsgeschichte&#8220;, den das &#8222;Aachener Kompetenzzentrum f\u00fcr Wissenschaftsgeschichte (AKWG)&#8220; am 14. Juni 2007 an der RWTH Aachen ausrichtete. Im Mittelpunkt der Analyse stehen Visualisierungskonzepte in den Wissenschaften. Besonderes Augenmerk wird hierbei der Ontologie des Bildes, dem Verh\u00e4ltnis von Bild und Wirklichkeit und dem erkenntnisstiftenden Potential von Bildern in den Wissenschaften geschenkt. Dar\u00fcber hinaus werden vor allem die Visualisierungsstrategien in den technischen Disziplinen und in der Medizin n\u00e4her beleuchtet.<br><br>Die vorgestellten Beitr\u00e4ge belegen die Vielschichtigkeit des Ph\u00e4nomens &#8222;Visualisierung&#8220;, aber auch die Bedeutung des interdisziplin\u00e4ren Austausches bei der Bearbeitung wissenschaftshistorischer und -theoretischer Fragestellungen. Es handelt sich um den ersten Band der Studien des Aachener Kompetenzzentrums f\u00fcr Wissenschaftsgeschichte.<\/p>\n<\/div>\n<\/div>\n","protected":false},"excerpt":{"rendered":"<p>Vom Bild zur Erkenntnis Gro\u00df Dominik, Westermann Stefanie (Hrsg.), Vom Bild zur Erkenntnis? Visualisierungskonzepte in den Wissenschaften (= Studien des AKWG, 1), kassel university press: Kassel 2007 (ISBN: 978-3-89958-342-7) Der vorliegende Buchband basiert auf dem ersten interdisziplin\u00e4ren &#8222;Thementag Wissenschaftsgeschichte&#8220;, den das &#8222;Aachener Kompetenzzentrum f\u00fcr Wissenschaftsgeschichte (AKWG)&#8220; am 14. Juni 2007 an der RWTH Aachen ausrichtete. &hellip;<\/p>\n<p class=\"read-more\"> <a class=\"\" href=\"https:\/\/akwg.rwth-aachen.de\/?page_id=388\"> <span class=\"screen-reader-text\">Vom Bild zur Erkenntnis? Visualisierungskonzepte in den Wissenschaften<\/span> Weiterlesen &raquo;<\/a><\/p>\n","protected":false},"author":1,"featured_media":0,"parent":0,"menu_order":0,"comment_status":"closed","ping_status":"closed","template":"","meta":{"site-sidebar-layout":"default","site-content-layout":"default","ast-main-header-display":"","ast-hfb-above-header-display":"","ast-hfb-below-header-display":"","ast-hfb-mobile-header-display":"","site-post-title":"","ast-breadcrumbs-content":"","ast-featured-img":"","footer-sml-layout":"","theme-transparent-header-meta":"","adv-header-id-meta":"","stick-header-meta":"","header-above-stick-meta":"","header-main-stick-meta":"","header-below-stick-meta":"","footnotes":""},"class_list":["post-388","page","type-page","status-publish","hentry"],"_links":{"self":[{"href":"https:\/\/akwg.rwth-aachen.de\/index.php?rest_route=\/wp\/v2\/pages\/388","targetHints":{"allow":["GET"]}}],"collection":[{"href":"https:\/\/akwg.rwth-aachen.de\/index.php?rest_route=\/wp\/v2\/pages"}],"about":[{"href":"https:\/\/akwg.rwth-aachen.de\/index.php?rest_route=\/wp\/v2\/types\/page"}],"author":[{"embeddable":true,"href":"https:\/\/akwg.rwth-aachen.de\/index.php?rest_route=\/wp\/v2\/users\/1"}],"replies":[{"embeddable":true,"href":"https:\/\/akwg.rwth-aachen.de\/index.php?rest_route=%2Fwp%2Fv2%2Fcomments&post=388"}],"version-history":[{"count":3,"href":"https:\/\/akwg.rwth-aachen.de\/index.php?rest_route=\/wp\/v2\/pages\/388\/revisions"}],"predecessor-version":[{"id":834,"href":"https:\/\/akwg.rwth-aachen.de\/index.php?rest_route=\/wp\/v2\/pages\/388\/revisions\/834"}],"wp:attachment":[{"href":"https:\/\/akwg.rwth-aachen.de\/index.php?rest_route=%2Fwp%2Fv2%2Fmedia&parent=388"}],"curies":[{"name":"wp","href":"https:\/\/api.w.org\/{rel}","templated":true}]}}