{"id":125,"date":"2021-12-22T12:20:19","date_gmt":"2021-12-22T11:20:19","guid":{"rendered":"http:\/\/test.akwg.rwth-aachen.de\/html\/?page_id=125"},"modified":"2025-11-04T13:42:06","modified_gmt":"2025-11-04T12:42:06","slug":"emeritierte-direktorinnen","status":"publish","type":"page","link":"https:\/\/akwg.rwth-aachen.de\/?page_id=125","title":{"rendered":"Emeritierte DirektorInnen"},"content":{"rendered":"\n<p><strong>Univ.-Prof. Dr. phil. Monika Fick<\/strong> &#8211; Institut f\u00fcr Germanistische und Allgemeine Literaturwissenschaft<\/p>\n\n\n\n<p><strong>Univ.-Prof. i.R. Dr. phil. Armin Heinen<\/strong> &#8211; Lehrstuhl f\u00fcr Neuere Geschichte<\/p>\n\n\n\n<p><strong>Univ.-Prof. em. Dr. phil. Walter Kaiser<\/strong> &#8211; Lehrstuhl f\u00fcr Geschichte der Technik<\/p>\n\n\n\n<p><strong>Univ.-Prof. em. Dr. phil. Dietrich Lohrmann<\/strong> &#8211; Lehrstuhl f\u00fcr Mittlere Geschichte<\/p>\n\n\n\n<p><strong>Univ.-Prof. em. Dr. rer. nat. Walter Oberschelp<\/strong> &#8211; Lehrstuhl f\u00fcr Informatik 7<\/p>\n\n\n\n<p><strong>Univ.-Prof. i.R. Dr. phil. Paul Thomes<\/strong> &#8211; Lehr- und Forschungsgebiet Wirtschafts- und Sozialgeschichte<\/p>\n\n\n\n<p><strong>Univ.-Prof. Dr. rer. nat. Dr. h.c. Wolfgang Thomas<\/strong> &#8211; Lehrstuhl f\u00fcr Informatik 7 (Logik und Theorie diskreter Systeme)<\/p>\n\n\n\n<p><\/p>\n","protected":false},"excerpt":{"rendered":"<p>Univ.-Prof. Dr. phil. Monika Fick &#8211; Institut f\u00fcr Germanistische und Allgemeine Literaturwissenschaft Univ.-Prof. i.R. Dr. phil. Armin Heinen &#8211; Lehrstuhl f\u00fcr Neuere Geschichte Univ.-Prof. em. Dr. phil. Walter Kaiser &#8211; Lehrstuhl f\u00fcr Geschichte der Technik Univ.-Prof. em. Dr. phil. Dietrich Lohrmann &#8211; Lehrstuhl f\u00fcr Mittlere Geschichte Univ.-Prof. em. Dr. rer. nat. Walter Oberschelp &#8211; Lehrstuhl &hellip;<\/p>\n<p class=\"read-more\"> <a class=\"\" href=\"https:\/\/akwg.rwth-aachen.de\/?page_id=125\"> <span class=\"screen-reader-text\">Emeritierte DirektorInnen<\/span> Weiterlesen &raquo;<\/a><\/p>\n","protected":false},"author":1,"featured_media":0,"parent":0,"menu_order":0,"comment_status":"closed","ping_status":"closed","template":"","meta":{"site-sidebar-layout":"default","site-content-layout":"default","ast-main-header-display":"","ast-hfb-above-header-display":"","ast-hfb-below-header-display":"","ast-hfb-mobile-header-display":"","site-post-title":"","ast-breadcrumbs-content":"","ast-featured-img":"","footer-sml-layout":"","theme-transparent-header-meta":"","adv-header-id-meta":"","stick-header-meta":"","header-above-stick-meta":"","header-main-stick-meta":"","header-below-stick-meta":"","footnotes":""},"class_list":["post-125","page","type-page","status-publish","hentry"],"_links":{"self":[{"href":"https:\/\/akwg.rwth-aachen.de\/index.php?rest_route=\/wp\/v2\/pages\/125","targetHints":{"allow":["GET"]}}],"collection":[{"href":"https:\/\/akwg.rwth-aachen.de\/index.php?rest_route=\/wp\/v2\/pages"}],"about":[{"href":"https:\/\/akwg.rwth-aachen.de\/index.php?rest_route=\/wp\/v2\/types\/page"}],"author":[{"embeddable":true,"href":"https:\/\/akwg.rwth-aachen.de\/index.php?rest_route=\/wp\/v2\/users\/1"}],"replies":[{"embeddable":true,"href":"https:\/\/akwg.rwth-aachen.de\/index.php?rest_route=%2Fwp%2Fv2%2Fcomments&post=125"}],"version-history":[{"count":9,"href":"https:\/\/akwg.rwth-aachen.de\/index.php?rest_route=\/wp\/v2\/pages\/125\/revisions"}],"predecessor-version":[{"id":861,"href":"https:\/\/akwg.rwth-aachen.de\/index.php?rest_route=\/wp\/v2\/pages\/125\/revisions\/861"}],"wp:attachment":[{"href":"https:\/\/akwg.rwth-aachen.de\/index.php?rest_route=%2Fwp%2Fv2%2Fmedia&parent=125"}],"curies":[{"name":"wp","href":"https:\/\/api.w.org\/{rel}","templated":true}]}}