{"id":121,"date":"2021-12-22T12:18:44","date_gmt":"2021-12-22T11:18:44","guid":{"rendered":"http:\/\/test.akwg.rwth-aachen.de\/html\/?page_id=121"},"modified":"2026-03-31T08:02:32","modified_gmt":"2026-03-31T06:02:32","slug":"mitglieder","status":"publish","type":"page","link":"https:\/\/akwg.rwth-aachen.de\/?page_id=121","title":{"rendered":"Mitglieder"},"content":{"rendered":"\n<p><strong>Univ.-Prof. Dr. Dr. Dr. Dominik Gro\u00df<\/strong><br>Institut f\u00fcr Geschichte, Theorie und Ethik der Medizin<\/p>\n\n\n\n<p><strong>Univ.-Prof. Dr. phil. Monika Fick<\/strong><br>Institut f\u00fcr Germanistische und Allgemeine Literaturwissenschaft: Lehr- und Forschungsgebiet&nbsp;Neuere Deutsche Literaturgeschichte<\/p>\n\n\n\n<p><strong>Univ.-Prof. Dr. phil. Klaus Freitag<\/strong><br>Historisches Institut: Lehrstuhl f\u00fcr Alte Geschichte mit dem Schwerpunkt Geschichte als Wissenskultur<\/p>\n\n\n\n<p><strong>Dr. Andreas Gormans<\/strong><br>Lehrstuhl und Institut f\u00fcr&nbsp;Kunstgeschichte<\/p>\n\n\n\n<p><strong>Univ.-Prof. Dr. Ing. Dipl.-Wirt. Ing. Thomas Gries<\/strong><br>Institut f\u00fcr Textiltechnik und Lehrstuhl f\u00fcr Textilmaschinenbau<\/p>\n\n\n\n<p><strong>Monika Gussone, M.A.<\/strong><br>Historisches Institut: Lehrstuhl f\u00fcr Mittlere Geschichte<\/p>\n\n\n\n<p><strong>PD Dr.&nbsp;phil. R\u00fcdiger Haude<\/strong><br>Historisches Institut: Lehrstuhl f\u00fcr Geschichte der Neuzeit (19.-21. JH.) mit ihren Wissens- und Technikkulturen<\/p>\n\n\n\n<p><strong>PD Dr. Stephanie Jordans<\/strong><br>Institut f\u00fcr Germanistische und Allgemeine Literaturwissenschaft: Abteilung f\u00fcr Neuere deutsche Literatur<\/p>\n\n\n\n<p><strong>Univ.-Prof. em. Dr. phil. Max Kerner<\/strong><br>Historisches Institut: Lehrstuhl f\u00fcr Mittlere Geschichte<\/p>\n\n\n\n<p><strong>Univ.-Prof. em. Dr. phil. Raban Haehling von Lanzenauer<\/strong><br>Historisches Institut: Lehrstuhl f\u00fcr Alte Geschichte mit dem Schwerpunkt Geschichte als Wissenskultur<\/p>\n\n\n\n<p><strong>Univ.-Prof. em. Dr. phil. Dietrich Lohrmann<\/strong><br>Historisches Institut: Lehrstuhl f\u00fcr Mittlere Geschichte<\/p>\n\n\n\n<p><strong>Univ.-Prof.&nbsp;Alexander Markschies<\/strong><br>Lehrstuhl und Institut f\u00fcr Kunstgeschichte<\/p>\n\n\n\n<p><strong>Univ.-Prof. Dr. phil. Harald M\u00fcller<\/strong><br>Historisches Institut: Lehrstuhl f\u00fcr Mittlere Geschichte<\/p>\n\n\n\n<p><strong>Univ.-Prof. Dr. phil. Christine Roll<\/strong><br>Historisches Institut: Lehr- und Forschungsgebiet Geschichte der Fr\u00fchen Neuzeit<\/p>\n\n\n\n<p><strong>Univ.-Prof. Dr. i. R. Dr. rer. nat. Dr. h.c. Wolfgang Thomas<\/strong><br>Lehrstuhl f\u00fcr Informatik 7 (Logik und Theorie diskreter Systeme)<\/p>\n\n\n\n<p><strong>Univ.-Prof. Dr. phil. Martina Ziefle<\/strong><br>Institut f\u00fcr Sprach- und Kommunikationswissenschaft<\/p>\n\n\n\n<p><strong>EXTERN<\/strong><\/p>\n\n\n\n<p><strong>Univ.-Prof. Dr. Gertrude Cepl-Kaufmann<\/strong><br>Institut f\u00fcr Germanistik II: Abteilung f\u00fcr Neuere Deutsche Literaturwissenschaft<br>Heinrich-Heine-Universit\u00e4t D\u00fcsseldorf<\/p>\n\n\n\n<p><strong>Prof. Dr. Geert Keil<\/strong><br>Institut f\u00fcr Philosophie: Lehrstuhl f\u00fcr Philosophische Anthropologie<br>Humboldt-Universit\u00e4t zu Berlin<\/p>\n\n\n\n<p><strong>Dr. Thomas M\u00fcller<\/strong><br>Projektkoordinator \u201eRoute Charlemagne\u201d, Kulturbetrieb der Stadt Aachen<\/p>\n\n\n\n<p><strong>Prof. Dr. Brigitte Tag<br><\/strong>Lehrstuhl f\u00fcr Strafrecht, Strafprozessrecht und Medizinrecht<br>Universit\u00e4t Z\u00fcrich<\/p>\n","protected":false},"excerpt":{"rendered":"<p>Univ.-Prof. Dr. Dr. Dr. Dominik Gro\u00dfInstitut f\u00fcr Geschichte, Theorie und Ethik der Medizin Univ.-Prof. Dr. phil. Monika FickInstitut f\u00fcr Germanistische und Allgemeine Literaturwissenschaft: Lehr- und Forschungsgebiet&nbsp;Neuere Deutsche Literaturgeschichte Univ.-Prof. Dr. phil. Klaus FreitagHistorisches Institut: Lehrstuhl f\u00fcr Alte Geschichte mit dem Schwerpunkt Geschichte als Wissenskultur Dr. Andreas GormansLehrstuhl und Institut f\u00fcr&nbsp;Kunstgeschichte Univ.-Prof. Dr. Ing. Dipl.-Wirt. Ing. &hellip;<\/p>\n<p class=\"read-more\"> <a class=\"\" href=\"https:\/\/akwg.rwth-aachen.de\/?page_id=121\"> <span class=\"screen-reader-text\">Mitglieder<\/span> Weiterlesen &raquo;<\/a><\/p>\n","protected":false},"author":1,"featured_media":0,"parent":0,"menu_order":0,"comment_status":"closed","ping_status":"closed","template":"","meta":{"site-sidebar-layout":"default","site-content-layout":"default","ast-main-header-display":"","ast-hfb-above-header-display":"","ast-hfb-below-header-display":"","ast-hfb-mobile-header-display":"","site-post-title":"","ast-breadcrumbs-content":"","ast-featured-img":"","footer-sml-layout":"","theme-transparent-header-meta":"","adv-header-id-meta":"","stick-header-meta":"","header-above-stick-meta":"","header-main-stick-meta":"","header-below-stick-meta":"","footnotes":""},"class_list":["post-121","page","type-page","status-publish","hentry"],"_links":{"self":[{"href":"https:\/\/akwg.rwth-aachen.de\/index.php?rest_route=\/wp\/v2\/pages\/121","targetHints":{"allow":["GET"]}}],"collection":[{"href":"https:\/\/akwg.rwth-aachen.de\/index.php?rest_route=\/wp\/v2\/pages"}],"about":[{"href":"https:\/\/akwg.rwth-aachen.de\/index.php?rest_route=\/wp\/v2\/types\/page"}],"author":[{"embeddable":true,"href":"https:\/\/akwg.rwth-aachen.de\/index.php?rest_route=\/wp\/v2\/users\/1"}],"replies":[{"embeddable":true,"href":"https:\/\/akwg.rwth-aachen.de\/index.php?rest_route=%2Fwp%2Fv2%2Fcomments&post=121"}],"version-history":[{"count":4,"href":"https:\/\/akwg.rwth-aachen.de\/index.php?rest_route=\/wp\/v2\/pages\/121\/revisions"}],"predecessor-version":[{"id":886,"href":"https:\/\/akwg.rwth-aachen.de\/index.php?rest_route=\/wp\/v2\/pages\/121\/revisions\/886"}],"wp:attachment":[{"href":"https:\/\/akwg.rwth-aachen.de\/index.php?rest_route=%2Fwp%2Fv2%2Fmedia&parent=121"}],"curies":[{"name":"wp","href":"https:\/\/api.w.org\/{rel}","templated":true}]}}